{"id":6638,"date":"2026-05-06T10:17:24","date_gmt":"2026-05-06T07:17:24","guid":{"rendered":"https:\/\/goldberg.lv\/?post_type=product&#038;p=6638"},"modified":"2026-05-06T10:17:24","modified_gmt":"2026-05-06T07:17:24","slug":"kirurgiskie-cimdi-lteksa-bezpudera-sterili-dabigi-1-paris-7-izm","status":"publish","type":"product","link":"https:\/\/goldberg.lv\/lv\/shop\/kirurgiskie-cimdi-lteksa-bezpudera-sterili-dabigi-1-paris-7-izm\/","title":{"rendered":"\u0136irur\u0123iskie cimdi, lteksa, bezpud\u0113ra, sterili, dab\u012bgi, 1 p\u0101ris, 7 izm."},"content":{"rendered":"","protected":false},"excerpt":{"rendered":"","protected":false},"featured_media":0,"template":"","meta":[],"product_brand":[],"product_cat":[131],"product_tag":[],"class_list":{"0":"post-6638","1":"product","2":"type-product","3":"status-publish","5":"product_cat-plutoss","7":"first","8":"instock","9":"shipping-taxable","10":"purchasable","11":"product-type-simple"},"_links":{"self":[{"href":"https:\/\/goldberg.lv\/lv\/wp-json\/wp\/v2\/product\/6638","targetHints":{"allow":["GET"]}}],"collection":[{"href":"https:\/\/goldberg.lv\/lv\/wp-json\/wp\/v2\/product"}],"about":[{"href":"https:\/\/goldberg.lv\/lv\/wp-json\/wp\/v2\/types\/product"}],"wp:attachment":[{"href":"https:\/\/goldberg.lv\/lv\/wp-json\/wp\/v2\/media?parent=6638"}],"wp:term":[{"taxonomy":"product_brand","embeddable":true,"href":"https:\/\/goldberg.lv\/lv\/wp-json\/wp\/v2\/product_brand?post=6638"},{"taxonomy":"product_cat","embeddable":true,"href":"https:\/\/goldberg.lv\/lv\/wp-json\/wp\/v2\/product_cat?post=6638"},{"taxonomy":"product_tag","embeddable":true,"href":"https:\/\/goldberg.lv\/lv\/wp-json\/wp\/v2\/product_tag?post=6638"}],"curies":[{"name":"wp","href":"https:\/\/api.w.org\/{rel}","templated":true}]}}