{"id":6617,"date":"2026-04-15T16:34:24","date_gmt":"2026-04-15T13:34:24","guid":{"rendered":"https:\/\/goldberg.lv\/?post_type=product&#038;p=6617"},"modified":"2026-04-21T11:02:35","modified_gmt":"2026-04-21T08:02:35","slug":"drydent-sublingual-s-m-l-directa","status":"publish","type":"product","link":"https:\/\/goldberg.lv\/lv\/shop\/drydent-sublingual-s-m-l-directa\/","title":{"rendered":"DryDent Sublingual (S\/M\/L)  Directa"},"content":{"rendered":"<p>DryDent no Directa Dental ir m\u012bksti, \u012bpa\u0161i uzs\u016bco\u0161i siekalu absorbenti, kas izstr\u0101d\u0101ti, lai nodro\u0161in\u0101tu sausu darba vidi zob\u0101rstniec\u012bb\u0101, aizst\u0101jot kokvilnas rull\u012b\u0161us. Tie ir pieejami div\u0101s galvenaj\u0101s versij\u0101s: parot\u012bds (izvieto\u0161anai pie vaiga) un sublingv\u0101ls (zem m\u0113les),. Tie efekt\u012bvi absorb\u0113 mitrumu, uzlabojot pacientu komfortu un samazinot r\u012b\u0161anas refleksu<\/p>","protected":false},"excerpt":{"rendered":"<p>DryDent no Directa Dental ir m\u012bksti, \u012bpa\u0161i uzs\u016bco\u0161i siekalu absorbenti, kas izstr\u0101d\u0101ti, lai nodro\u0161in\u0101tu sausu darba vidi zob\u0101rstniec\u012bb\u0101, aizst\u0101jot kokvilnas<\/p>","protected":false},"featured_media":6704,"template":"","meta":[],"product_brand":[],"product_cat":[144,123,111],"product_tag":[],"class_list":{"0":"post-6617","1":"product","2":"type-product","3":"status-publish","4":"has-post-thumbnail","6":"product_cat-directa","7":"product_cat-restoratives","8":"product_cat-therapy","10":"first","11":"outofstock","12":"shipping-taxable","13":"purchasable","14":"product-type-simple"},"_links":{"self":[{"href":"https:\/\/goldberg.lv\/lv\/wp-json\/wp\/v2\/product\/6617","targetHints":{"allow":["GET"]}}],"collection":[{"href":"https:\/\/goldberg.lv\/lv\/wp-json\/wp\/v2\/product"}],"about":[{"href":"https:\/\/goldberg.lv\/lv\/wp-json\/wp\/v2\/types\/product"}],"wp:featuredmedia":[{"embeddable":true,"href":"https:\/\/goldberg.lv\/lv\/wp-json\/wp\/v2\/media\/6704"}],"wp:attachment":[{"href":"https:\/\/goldberg.lv\/lv\/wp-json\/wp\/v2\/media?parent=6617"}],"wp:term":[{"taxonomy":"product_brand","embeddable":true,"href":"https:\/\/goldberg.lv\/lv\/wp-json\/wp\/v2\/product_brand?post=6617"},{"taxonomy":"product_cat","embeddable":true,"href":"https:\/\/goldberg.lv\/lv\/wp-json\/wp\/v2\/product_cat?post=6617"},{"taxonomy":"product_tag","embeddable":true,"href":"https:\/\/goldberg.lv\/lv\/wp-json\/wp\/v2\/product_tag?post=6617"}],"curies":[{"name":"wp","href":"https:\/\/api.w.org\/{rel}","templated":true}]}}