{"id":6613,"date":"2026-04-15T16:34:22","date_gmt":"2026-04-15T13:34:22","guid":{"rendered":"https:\/\/goldberg.lv\/?post_type=product&#038;p=6613"},"modified":"2026-04-21T11:20:25","modified_gmt":"2026-04-21T08:20:25","slug":"epitex-corse-lentite-10m","status":"publish","type":"product","link":"https:\/\/goldberg.lv\/lv\/shop\/epitex-corse-lentite-10m\/","title":{"rendered":"Epitex Corse lent\u012bte 10m"},"content":{"rendered":"<p>Materi\u0101ls zobu virsmas un stomatolo\u0123ijas kompoz\u012btu izstr\u0101d\u0101jumu pul\u0113\u0161anai un apdarei.<\/p>\n<p>Epitex sloksnes pal\u012bdz veidot restaur\u0101cijas konstrukciju un plombu, kas ir uz stikla jonom\u0113ru un kompoz\u012btmateri\u0101lu b\u0101zes, prec\u012bzas robe\u017eas un formas.<\/p>\n<p>Zils &#8211; rupj\u0161 (s\u0101kuma apstr\u0101dei)<br \/>\nPel\u0113ks &#8211; smalks (pul\u0113\u0161anai)<br \/>\nZa\u013c\u0161 &#8211; medium (beigu apstr\u0101de)<\/p>","protected":false},"excerpt":{"rendered":"<p>Materi\u0101ls zobu virsmas un stomatolo\u0123ijas kompoz\u012btu izstr\u0101d\u0101jumu pul\u0113\u0161anai un apdarei. Epitex sloksnes pal\u012bdz veidot restaur\u0101cijas konstrukciju un plombu, kas ir<\/p>","protected":false},"featured_media":6710,"template":"","meta":[],"product_brand":[],"product_cat":[143,123,111],"product_tag":[],"class_list":{"0":"post-6613","1":"product","2":"type-product","3":"status-publish","4":"has-post-thumbnail","6":"product_cat-gc","7":"product_cat-restoratives","8":"product_cat-therapy","10":"first","11":"outofstock","12":"shipping-taxable","13":"purchasable","14":"product-type-simple"},"_links":{"self":[{"href":"https:\/\/goldberg.lv\/lv\/wp-json\/wp\/v2\/product\/6613","targetHints":{"allow":["GET"]}}],"collection":[{"href":"https:\/\/goldberg.lv\/lv\/wp-json\/wp\/v2\/product"}],"about":[{"href":"https:\/\/goldberg.lv\/lv\/wp-json\/wp\/v2\/types\/product"}],"wp:featuredmedia":[{"embeddable":true,"href":"https:\/\/goldberg.lv\/lv\/wp-json\/wp\/v2\/media\/6710"}],"wp:attachment":[{"href":"https:\/\/goldberg.lv\/lv\/wp-json\/wp\/v2\/media?parent=6613"}],"wp:term":[{"taxonomy":"product_brand","embeddable":true,"href":"https:\/\/goldberg.lv\/lv\/wp-json\/wp\/v2\/product_brand?post=6613"},{"taxonomy":"product_cat","embeddable":true,"href":"https:\/\/goldberg.lv\/lv\/wp-json\/wp\/v2\/product_cat?post=6613"},{"taxonomy":"product_tag","embeddable":true,"href":"https:\/\/goldberg.lv\/lv\/wp-json\/wp\/v2\/product_tag?post=6613"}],"curies":[{"name":"wp","href":"https:\/\/api.w.org\/{rel}","templated":true}]}}