{"id":6609,"date":"2026-04-15T16:34:20","date_gmt":"2026-04-15T13:34:20","guid":{"rendered":"https:\/\/goldberg.lv\/?post_type=product&#038;p=6609"},"modified":"2026-04-21T11:30:25","modified_gmt":"2026-04-21T08:30:25","slug":"m-zink-f30g-pulv-15ml","status":"publish","type":"product","link":"https:\/\/goldberg.lv\/lv\/shop\/m-zink-f30g-pulv-15ml\/","title":{"rendered":"M Zink F+30g pulv.+15ml"},"content":{"rendered":"<p>Zinc F+ ir cinka fosf\u0101ta cements, kam ir univers\u0101ls pielietojums kro\u0146iem un tiltiem, k\u0101 ar\u012b k\u0101 odere vai pamatmateri\u0101ls. Zinc F+ pied\u0101v\u0101 \u012bpa\u0161i prec\u012bzu piegul\u0161anu ar \u013coti augstu meh\u0101nisko iztur\u012bbu.<\/p>","protected":false},"excerpt":{"rendered":"<p>Zinc F+ ir cinka fosf\u0101ta cements, kam ir univers\u0101ls pielietojums kro\u0146iem un tiltiem, k\u0101 ar\u012b k\u0101 odere vai pamatmateri\u0101ls. Zinc<\/p>","protected":false},"featured_media":6713,"template":"","meta":[],"product_brand":[],"product_cat":[123,111],"product_tag":[],"class_list":{"0":"post-6609","1":"product","2":"type-product","3":"status-publish","4":"has-post-thumbnail","6":"product_cat-restoratives","7":"product_cat-therapy","9":"first","10":"outofstock","11":"shipping-taxable","12":"purchasable","13":"product-type-simple"},"_links":{"self":[{"href":"https:\/\/goldberg.lv\/lv\/wp-json\/wp\/v2\/product\/6609","targetHints":{"allow":["GET"]}}],"collection":[{"href":"https:\/\/goldberg.lv\/lv\/wp-json\/wp\/v2\/product"}],"about":[{"href":"https:\/\/goldberg.lv\/lv\/wp-json\/wp\/v2\/types\/product"}],"wp:featuredmedia":[{"embeddable":true,"href":"https:\/\/goldberg.lv\/lv\/wp-json\/wp\/v2\/media\/6713"}],"wp:attachment":[{"href":"https:\/\/goldberg.lv\/lv\/wp-json\/wp\/v2\/media?parent=6609"}],"wp:term":[{"taxonomy":"product_brand","embeddable":true,"href":"https:\/\/goldberg.lv\/lv\/wp-json\/wp\/v2\/product_brand?post=6609"},{"taxonomy":"product_cat","embeddable":true,"href":"https:\/\/goldberg.lv\/lv\/wp-json\/wp\/v2\/product_cat?post=6609"},{"taxonomy":"product_tag","embeddable":true,"href":"https:\/\/goldberg.lv\/lv\/wp-json\/wp\/v2\/product_tag?post=6609"}],"curies":[{"name":"wp","href":"https:\/\/api.w.org\/{rel}","templated":true}]}}