{"id":6603,"date":"2026-04-15T16:34:16","date_gmt":"2026-04-15T13:34:16","guid":{"rendered":"https:\/\/goldberg.lv\/?post_type=product&#038;p=6603"},"modified":"2026-04-21T11:45:00","modified_gmt":"2026-04-21T08:45:00","slug":"g-aenial-a1-4g","status":"publish","type":"product","link":"https:\/\/goldberg.lv\/lv\/shop\/g-aenial-a1-4g\/","title":{"rendered":"G-aenial A1 4g"},"content":{"rendered":"<p>GC G-aenial Anterior &#8211; kompoz\u012btmateri\u0101ls restaur\u0101cij\u0101m, gaism\u0101 ciet\u0113jo\u0161s, p\u0101rkl\u0101jams multi-sl\u0101\u0146os<\/p>\n<p>Kr\u0101sas: Anterior &#8211; A1, A2, A3, A3.5, A4, AO2, AO3, JE, B1, B2, AE<\/p>\n<p>\u0160\u013circe &#8211; 2.7ml<\/p>","protected":false},"excerpt":{"rendered":"<p>GC G-aenial Anterior &#8211; kompoz\u012btmateri\u0101ls restaur\u0101cij\u0101m, gaism\u0101 ciet\u0113jo\u0161s, p\u0101rkl\u0101jams multi-sl\u0101\u0146os Kr\u0101sas: Anterior &#8211; A1, A2, A3, A3.5, A4, AO2, AO3,<\/p>","protected":false},"featured_media":6718,"template":"","meta":[],"product_brand":[],"product_cat":[143,123,111],"product_tag":[],"class_list":{"0":"post-6603","1":"product","2":"type-product","3":"status-publish","4":"has-post-thumbnail","6":"product_cat-gc","7":"product_cat-restoratives","8":"product_cat-therapy","10":"first","11":"outofstock","12":"shipping-taxable","13":"purchasable","14":"product-type-simple"},"_links":{"self":[{"href":"https:\/\/goldberg.lv\/lv\/wp-json\/wp\/v2\/product\/6603","targetHints":{"allow":["GET"]}}],"collection":[{"href":"https:\/\/goldberg.lv\/lv\/wp-json\/wp\/v2\/product"}],"about":[{"href":"https:\/\/goldberg.lv\/lv\/wp-json\/wp\/v2\/types\/product"}],"wp:featuredmedia":[{"embeddable":true,"href":"https:\/\/goldberg.lv\/lv\/wp-json\/wp\/v2\/media\/6718"}],"wp:attachment":[{"href":"https:\/\/goldberg.lv\/lv\/wp-json\/wp\/v2\/media?parent=6603"}],"wp:term":[{"taxonomy":"product_brand","embeddable":true,"href":"https:\/\/goldberg.lv\/lv\/wp-json\/wp\/v2\/product_brand?post=6603"},{"taxonomy":"product_cat","embeddable":true,"href":"https:\/\/goldberg.lv\/lv\/wp-json\/wp\/v2\/product_cat?post=6603"},{"taxonomy":"product_tag","embeddable":true,"href":"https:\/\/goldberg.lv\/lv\/wp-json\/wp\/v2\/product_tag?post=6603"}],"curies":[{"name":"wp","href":"https:\/\/api.w.org\/{rel}","templated":true}]}}