{"id":6588,"date":"2026-04-15T16:34:07","date_gmt":"2026-04-15T13:34:07","guid":{"rendered":"https:\/\/goldberg.lv\/?post_type=product&#038;p=6588"},"modified":"2026-04-21T12:41:52","modified_gmt":"2026-04-21T09:41:52","slug":"oro-clean-plus-koncentrats-2l-atsuks-sistemam","status":"publish","type":"product","link":"https:\/\/goldberg.lv\/lv\/shop\/oro-clean-plus-koncentrats-2l-atsuks-sistemam\/","title":{"rendered":"Oro Clean Plus koncentrats 2L (ats\u016bk\u0161.sist\u0113mam)"},"content":{"rendered":"<p>ORO CLEAN\u00ae Plus is a concentrate for the disinfection and cleaning of dental suction units and spittoon bowls.<\/p>","protected":false},"excerpt":{"rendered":"<p>ORO CLEAN\u00ae Plus is a concentrate for the disinfection and cleaning of dental suction units and spittoon bowls.<\/p>","protected":false},"featured_media":6728,"template":"","meta":[],"product_brand":[],"product_cat":[120,148],"product_tag":[],"class_list":{"0":"post-6588","1":"product","2":"type-product","3":"status-publish","4":"has-post-thumbnail","6":"product_cat-disinfection-sterilization","7":"product_cat-occ","9":"first","10":"outofstock","11":"shipping-taxable","12":"purchasable","13":"product-type-simple"},"_links":{"self":[{"href":"https:\/\/goldberg.lv\/lv\/wp-json\/wp\/v2\/product\/6588","targetHints":{"allow":["GET"]}}],"collection":[{"href":"https:\/\/goldberg.lv\/lv\/wp-json\/wp\/v2\/product"}],"about":[{"href":"https:\/\/goldberg.lv\/lv\/wp-json\/wp\/v2\/types\/product"}],"wp:featuredmedia":[{"embeddable":true,"href":"https:\/\/goldberg.lv\/lv\/wp-json\/wp\/v2\/media\/6728"}],"wp:attachment":[{"href":"https:\/\/goldberg.lv\/lv\/wp-json\/wp\/v2\/media?parent=6588"}],"wp:term":[{"taxonomy":"product_brand","embeddable":true,"href":"https:\/\/goldberg.lv\/lv\/wp-json\/wp\/v2\/product_brand?post=6588"},{"taxonomy":"product_cat","embeddable":true,"href":"https:\/\/goldberg.lv\/lv\/wp-json\/wp\/v2\/product_cat?post=6588"},{"taxonomy":"product_tag","embeddable":true,"href":"https:\/\/goldberg.lv\/lv\/wp-json\/wp\/v2\/product_tag?post=6588"}],"curies":[{"name":"wp","href":"https:\/\/api.w.org\/{rel}","templated":true}]}}