{"id":6543,"date":"2026-05-06T10:17:25","date_gmt":"2026-05-06T07:17:25","guid":{"rendered":"https:\/\/goldberg.lv\/?post_type=product&#038;p=6543"},"modified":"2026-05-06T10:17:25","modified_gmt":"2026-05-06T07:17:25","slug":"kirurgiskie-cimdi-lateksa-bezpudera-sterili-dabigi-1-paris-75-izm","status":"publish","type":"product","link":"https:\/\/goldberg.lv\/lv\/shop\/kirurgiskie-cimdi-lateksa-bezpudera-sterili-dabigi-1-paris-75-izm\/","title":{"rendered":"\u0136irur\u0123iskie cimdi, lateksa, bezp\u016bdera, sterili, dab\u012bgi, 1 p\u0101ris 7,5 izm."},"content":{"rendered":"","protected":false},"excerpt":{"rendered":"","protected":false},"featured_media":0,"template":"","meta":[],"product_brand":[],"product_cat":[131],"product_tag":[],"class_list":{"0":"post-6543","1":"product","2":"type-product","3":"status-publish","5":"product_cat-plutoss","7":"first","8":"instock","9":"shipping-taxable","10":"purchasable","11":"product-type-simple"},"_links":{"self":[{"href":"https:\/\/goldberg.lv\/lv\/wp-json\/wp\/v2\/product\/6543","targetHints":{"allow":["GET"]}}],"collection":[{"href":"https:\/\/goldberg.lv\/lv\/wp-json\/wp\/v2\/product"}],"about":[{"href":"https:\/\/goldberg.lv\/lv\/wp-json\/wp\/v2\/types\/product"}],"wp:attachment":[{"href":"https:\/\/goldberg.lv\/lv\/wp-json\/wp\/v2\/media?parent=6543"}],"wp:term":[{"taxonomy":"product_brand","embeddable":true,"href":"https:\/\/goldberg.lv\/lv\/wp-json\/wp\/v2\/product_brand?post=6543"},{"taxonomy":"product_cat","embeddable":true,"href":"https:\/\/goldberg.lv\/lv\/wp-json\/wp\/v2\/product_cat?post=6543"},{"taxonomy":"product_tag","embeddable":true,"href":"https:\/\/goldberg.lv\/lv\/wp-json\/wp\/v2\/product_tag?post=6543"}],"curies":[{"name":"wp","href":"https:\/\/api.w.org\/{rel}","templated":true}]}}