{"id":4321,"date":"2025-11-03T15:30:08","date_gmt":"2025-11-03T12:30:08","guid":{"rendered":"https:\/\/goldberg.lv\/shop\/college-tweezer-long-serrated-15cm\/"},"modified":"2026-04-15T17:56:42","modified_gmt":"2026-04-15T14:56:42","slug":"college-tweezer-long-serrated-15cm","status":"publish","type":"product","link":"https:\/\/goldberg.lv\/lv\/shop\/college-tweezer-long-serrated-15cm\/","title":{"rendered":"Koled\u017eas pincete, gar\u0101, z\u0101\u0123\u0113t\u0101, 15 cm"},"content":{"rendered":"<p>The College Tweezer, Long Serrated, 15cm provides precise grasping and handling of delicate materials during surgical and restorative procedures. Featuring fine serrated tips for secure grip, this tweezer offers excellent control and tactile feedback. The balanced design reduces hand fatigue during extended clinical use.<\/p>","protected":false},"excerpt":{"rendered":"<p>The College Tweezer, Long Serrated, 15cm provides precise grasping and handling of delicate materials during surgical and restorative procedures. Featuring<\/p>","protected":false},"featured_media":5643,"template":"","meta":[],"product_brand":[91],"product_cat":[66,125,119,114,117],"product_tag":[],"class_list":{"0":"post-4321","1":"product","2":"type-product","3":"status-publish","4":"has-post-thumbnail","6":"product_brand-ergodenta","7":"product_cat-ergodenta","8":"product_cat-dental-equipment","9":"product_cat-equipment","10":"product_cat-hygiene","11":"product_cat-instruments","13":"first","14":"outofstock","15":"shipping-taxable","16":"purchasable","17":"product-type-simple"},"_links":{"self":[{"href":"https:\/\/goldberg.lv\/lv\/wp-json\/wp\/v2\/product\/4321","targetHints":{"allow":["GET"]}}],"collection":[{"href":"https:\/\/goldberg.lv\/lv\/wp-json\/wp\/v2\/product"}],"about":[{"href":"https:\/\/goldberg.lv\/lv\/wp-json\/wp\/v2\/types\/product"}],"wp:featuredmedia":[{"embeddable":true,"href":"https:\/\/goldberg.lv\/lv\/wp-json\/wp\/v2\/media\/5643"}],"wp:attachment":[{"href":"https:\/\/goldberg.lv\/lv\/wp-json\/wp\/v2\/media?parent=4321"}],"wp:term":[{"taxonomy":"product_brand","embeddable":true,"href":"https:\/\/goldberg.lv\/lv\/wp-json\/wp\/v2\/product_brand?post=4321"},{"taxonomy":"product_cat","embeddable":true,"href":"https:\/\/goldberg.lv\/lv\/wp-json\/wp\/v2\/product_cat?post=4321"},{"taxonomy":"product_tag","embeddable":true,"href":"https:\/\/goldberg.lv\/lv\/wp-json\/wp\/v2\/product_tag?post=4321"}],"curies":[{"name":"wp","href":"https:\/\/api.w.org\/{rel}","templated":true}]}}