{"id":4295,"date":"2025-11-03T15:29:35","date_gmt":"2025-11-03T12:29:35","guid":{"rendered":"https:\/\/goldberg.lv\/shop\/scaler-tips-ems-p33\/"},"modified":"2026-04-15T17:56:31","modified_gmt":"2026-04-15T14:56:31","slug":"scaler-tips-ems-p33","status":"publish","type":"product","link":"https:\/\/goldberg.lv\/lv\/shop\/scaler-tips-ems-p33\/","title":{"rendered":"Scaler tips EMS P33"},"content":{"rendered":"<p>Perio. Izmanto, lai no\u0146emtu zobakmeni dzi\u013ci zobos.<br \/>\nperiodonta kabatu un izt\u012br\u012bt periodonta kabatu.<\/p>","protected":false},"excerpt":{"rendered":"<p>Xpedent ps (piem\u0113rots lieto\u0161anai ar EMS\u00ae skalera iek\u0101rt\u0101m).<br \/>\nXpedent z\u012bmols pieder tre\u0161ajai pusei, kas nav saist\u012bta ar uz\u0146\u0113mumu.<br \/>\nori\u0123in\u0101liek\u0101rtas ra\u017eot\u0101js vai t\u0101 p\u0101rst\u0101vji.<\/p>","protected":false},"featured_media":4836,"template":"","meta":[],"product_brand":[107],"product_cat":[58],"product_tag":[],"class_list":{"0":"post-4295","1":"product","2":"type-product","3":"status-publish","4":"has-post-thumbnail","6":"product_brand-xpedent","7":"product_cat-xpedent","9":"first","10":"outofstock","11":"shipping-taxable","12":"purchasable","13":"product-type-simple"},"_links":{"self":[{"href":"https:\/\/goldberg.lv\/lv\/wp-json\/wp\/v2\/product\/4295","targetHints":{"allow":["GET"]}}],"collection":[{"href":"https:\/\/goldberg.lv\/lv\/wp-json\/wp\/v2\/product"}],"about":[{"href":"https:\/\/goldberg.lv\/lv\/wp-json\/wp\/v2\/types\/product"}],"wp:featuredmedia":[{"embeddable":true,"href":"https:\/\/goldberg.lv\/lv\/wp-json\/wp\/v2\/media\/4836"}],"wp:attachment":[{"href":"https:\/\/goldberg.lv\/lv\/wp-json\/wp\/v2\/media?parent=4295"}],"wp:term":[{"taxonomy":"product_brand","embeddable":true,"href":"https:\/\/goldberg.lv\/lv\/wp-json\/wp\/v2\/product_brand?post=4295"},{"taxonomy":"product_cat","embeddable":true,"href":"https:\/\/goldberg.lv\/lv\/wp-json\/wp\/v2\/product_cat?post=4295"},{"taxonomy":"product_tag","embeddable":true,"href":"https:\/\/goldberg.lv\/lv\/wp-json\/wp\/v2\/product_tag?post=4295"}],"curies":[{"name":"wp","href":"https:\/\/api.w.org\/{rel}","templated":true}]}}