{"id":4292,"date":"2025-11-03T15:29:32","date_gmt":"2025-11-03T12:29:32","guid":{"rendered":"https:\/\/goldberg.lv\/shop\/gr-1-808-elastic-wedges-40-pcs\/"},"modified":"2026-04-15T17:56:27","modified_gmt":"2026-04-15T14:56:27","slug":"gr-1-808-elastic-wedges-40-pcs","status":"publish","type":"product","link":"https:\/\/goldberg.lv\/lv\/shop\/gr-1-808-elastic-wedges-40-pcs\/","title":{"rendered":"GR 1.808 Elast\u012bgie \u0137\u012b\u013ci 40 gab."},"content":{"rendered":"<p>&#8211; Special silicone rubber<br \/>\n&#8211; Two thicknesses: 2.5 mm (blue) and 2.0 (yellow)<br \/>\n&#8211; Heat treatment up to 121 C<\/p>","protected":false},"excerpt":{"rendered":"<p>Wedges Elastic<br \/>\n40 pcs.:<br \/>\n\u2116 1.801 20 pcs.<br \/>\n\u2116 1.802 20 pcs.<\/p>","protected":false},"featured_media":5791,"template":"","meta":[],"product_brand":[103],"product_cat":[57,111],"product_tag":[],"class_list":{"0":"post-4292","1":"product","2":"type-product","3":"status-publish","4":"has-post-thumbnail","6":"product_brand-tor","7":"product_cat-tor","8":"product_cat-therapy","10":"first","11":"outofstock","12":"shipping-taxable","13":"purchasable","14":"product-type-simple"},"_links":{"self":[{"href":"https:\/\/goldberg.lv\/lv\/wp-json\/wp\/v2\/product\/4292","targetHints":{"allow":["GET"]}}],"collection":[{"href":"https:\/\/goldberg.lv\/lv\/wp-json\/wp\/v2\/product"}],"about":[{"href":"https:\/\/goldberg.lv\/lv\/wp-json\/wp\/v2\/types\/product"}],"wp:featuredmedia":[{"embeddable":true,"href":"https:\/\/goldberg.lv\/lv\/wp-json\/wp\/v2\/media\/5791"}],"wp:attachment":[{"href":"https:\/\/goldberg.lv\/lv\/wp-json\/wp\/v2\/media?parent=4292"}],"wp:term":[{"taxonomy":"product_brand","embeddable":true,"href":"https:\/\/goldberg.lv\/lv\/wp-json\/wp\/v2\/product_brand?post=4292"},{"taxonomy":"product_cat","embeddable":true,"href":"https:\/\/goldberg.lv\/lv\/wp-json\/wp\/v2\/product_cat?post=4292"},{"taxonomy":"product_tag","embeddable":true,"href":"https:\/\/goldberg.lv\/lv\/wp-json\/wp\/v2\/product_tag?post=4292"}],"curies":[{"name":"wp","href":"https:\/\/api.w.org\/{rel}","templated":true}]}}