{"id":4283,"date":"2025-11-03T15:29:21","date_gmt":"2025-11-03T12:29:21","guid":{"rendered":"https:\/\/goldberg.lv\/shop\/composite-instrument-posterior-2-2mm-2-5mm-ergox-plus\/"},"modified":"2026-04-15T17:56:22","modified_gmt":"2026-04-15T14:56:22","slug":"composite-instrument-posterior-2-2mm-2-5mm-ergox-plus","status":"publish","type":"product","link":"https:\/\/goldberg.lv\/lv\/shop\/composite-instrument-posterior-2-2mm-2-5mm-ergox-plus\/","title":{"rendered":"Kompoz\u012btmateri\u0101lu instruments aizmugur\u0113jais, 2,2 mm-2,5 mm (ErgoX Plus)"},"content":{"rendered":"<p>The Composite Instrument Posterior, 2.2mm-2.5mm is designed for precise placement and contouring of composite and other restorative materials. Its carefully shaped working end allows for controlled material manipulation and anatomical shaping. The ergonomic handle provides excellent tactile feedback and comfortable grip, making it ideal for detailed restorative work.<\/p>","protected":false},"excerpt":{"rendered":"<p>The Composite Instrument Posterior, 2.2mm-2.5mm is designed for precise placement and contouring of composite and other restorative materials. Its carefully<\/p>","protected":false},"featured_media":5688,"template":"","meta":[],"product_brand":[91],"product_cat":[66,125,113,119,117],"product_tag":[],"class_list":{"0":"post-4283","1":"product","2":"type-product","3":"status-publish","4":"has-post-thumbnail","6":"product_brand-ergodenta","7":"product_cat-ergodenta","8":"product_cat-dental-equipment","9":"product_cat-endodontics","10":"product_cat-equipment","11":"product_cat-instruments","13":"first","14":"outofstock","15":"shipping-taxable","16":"purchasable","17":"product-type-simple"},"_links":{"self":[{"href":"https:\/\/goldberg.lv\/lv\/wp-json\/wp\/v2\/product\/4283","targetHints":{"allow":["GET"]}}],"collection":[{"href":"https:\/\/goldberg.lv\/lv\/wp-json\/wp\/v2\/product"}],"about":[{"href":"https:\/\/goldberg.lv\/lv\/wp-json\/wp\/v2\/types\/product"}],"wp:featuredmedia":[{"embeddable":true,"href":"https:\/\/goldberg.lv\/lv\/wp-json\/wp\/v2\/media\/5688"}],"wp:attachment":[{"href":"https:\/\/goldberg.lv\/lv\/wp-json\/wp\/v2\/media?parent=4283"}],"wp:term":[{"taxonomy":"product_brand","embeddable":true,"href":"https:\/\/goldberg.lv\/lv\/wp-json\/wp\/v2\/product_brand?post=4283"},{"taxonomy":"product_cat","embeddable":true,"href":"https:\/\/goldberg.lv\/lv\/wp-json\/wp\/v2\/product_cat?post=4283"},{"taxonomy":"product_tag","embeddable":true,"href":"https:\/\/goldberg.lv\/lv\/wp-json\/wp\/v2\/product_tag?post=4283"}],"curies":[{"name":"wp","href":"https:\/\/api.w.org\/{rel}","templated":true}]}}