{"id":4223,"date":"2025-11-03T15:28:14","date_gmt":"2025-11-03T12:28:14","guid":{"rendered":"https:\/\/goldberg.lv\/shop\/e34-s-s-h-files-6s-25mm-no-10\/"},"modified":"2026-04-15T17:55:52","modified_gmt":"2026-04-15T14:55:52","slug":"e34-s-s-h-files-6s-25mm-no-10","status":"publish","type":"product","link":"https:\/\/goldberg.lv\/lv\/shop\/e34-s-s-h-files-6s-25mm-no-10\/","title":{"rendered":"E34 S.S H Files 6s 25mm No.10"},"content":{"rendered":"<h3>Premium Plus E34 H faili no ner\u016bs\u0113jo\u0161\u0101 t\u0113rauda<\/h3>\n<ul>\n<li>Izmanto kan\u0101lu veido\u0161anai<\/li>\n<li>Augstas grie\u0161anas sp\u0113jas<\/li>\n<li>Ner\u016bs\u0113jo\u0161ais t\u0113rauds<\/li>\n<li>Tikai vienreiz\u0113jai lieto\u0161anai<\/li>\n<li>Var steriliz\u0113t l\u012bdz 134<strong>\u00b0<\/strong>C pirms lieto\u0161anas<\/li>\n<\/ul>\n<p><strong>Pieejami 14 izm\u0113ri:<\/strong><\/p>\n<ul>\n<li>#08, #10, #15, #20, #25, #30, #35, #40, #45, #50, #55, #60, #70, #80<\/li>\n<li>Vienoti izm\u0113ri 6 gab.\/pake<\/li>\n<li>Komplekt\u0101 Nr. 15-40 ietilpst:\n<ul>\n<li>#15, #20, #25, #30, #35, #40<\/li>\n<\/ul>\n<\/li>\n<li>Komplekt\u0101 Nr. 45-80 ietilpst:\n<ul>\n<li>#45, #50, #55, #60, #70, #80<\/li>\n<li>Asorti 6 gab.\/pake (1 gab. no katra izm\u0113ra)<\/li>\n<\/ul>\n<\/li>\n<li>Pieejamie garumi: 21 mm un 25 mm<\/li>\n<\/ul>","protected":false},"excerpt":{"rendered":"<p>Premium Plus E34 H-Files Stainless Steel Used for shaping canals High cutting ability Stainless steel Single-use only Can be sterilised<\/p>","protected":false},"featured_media":5098,"template":"","meta":[],"product_brand":[96],"product_cat":[59],"product_tag":[],"class_list":{"0":"post-4223","1":"product","2":"type-product","3":"status-publish","4":"has-post-thumbnail","6":"product_brand-premium-plus-poland","7":"product_cat-premium-plus-poland","9":"first","10":"instock","11":"shipping-taxable","12":"purchasable","13":"product-type-simple"},"_links":{"self":[{"href":"https:\/\/goldberg.lv\/lv\/wp-json\/wp\/v2\/product\/4223","targetHints":{"allow":["GET"]}}],"collection":[{"href":"https:\/\/goldberg.lv\/lv\/wp-json\/wp\/v2\/product"}],"about":[{"href":"https:\/\/goldberg.lv\/lv\/wp-json\/wp\/v2\/types\/product"}],"wp:featuredmedia":[{"embeddable":true,"href":"https:\/\/goldberg.lv\/lv\/wp-json\/wp\/v2\/media\/5098"}],"wp:attachment":[{"href":"https:\/\/goldberg.lv\/lv\/wp-json\/wp\/v2\/media?parent=4223"}],"wp:term":[{"taxonomy":"product_brand","embeddable":true,"href":"https:\/\/goldberg.lv\/lv\/wp-json\/wp\/v2\/product_brand?post=4223"},{"taxonomy":"product_cat","embeddable":true,"href":"https:\/\/goldberg.lv\/lv\/wp-json\/wp\/v2\/product_cat?post=4223"},{"taxonomy":"product_tag","embeddable":true,"href":"https:\/\/goldberg.lv\/lv\/wp-json\/wp\/v2\/product_tag?post=4223"}],"curies":[{"name":"wp","href":"https:\/\/api.w.org\/{rel}","templated":true}]}}