{"id":4219,"date":"2025-11-03T15:28:09","date_gmt":"2025-11-03T12:28:09","guid":{"rendered":"https:\/\/goldberg.lv\/shop\/e30-s-s-k-files-6s-25mm-no-20\/"},"modified":"2026-04-15T17:55:50","modified_gmt":"2026-04-15T14:55:50","slug":"e30-s-s-k-files-6s-25mm-no-20","status":"publish","type":"product","link":"https:\/\/goldberg.lv\/lv\/shop\/e30-s-s-k-files-6s-25mm-no-20\/","title":{"rendered":"E30 S.S K Files 6s 25mm No.20"},"content":{"rendered":"<h3>Premium Plus E30 K-Files ner\u016bs\u0113jo\u0161ais t\u0113rauds<\/h3>\n<ul>\n<li>Izmanto sak\u0146u kan\u0101la t\u012br\u012b\u0161anai, form\u0113\u0161anai, palielin\u0101\u0161anai vai m\u0113r\u012b\u0161anai proced\u016bru laik\u0101.<\/li>\n<li>Ner\u016bs\u0113jo\u0161ais t\u0113rauds<\/li>\n<li>Tikai vienreiz\u0113jai lieto\u0161anai<\/li>\n<li>Var steriliz\u0113t l\u012bdz 134<strong>\u00b0<\/strong>C pirms lieto\u0161anas<\/li>\n<\/ul>\n<p><strong>Pieejami 15 izm\u0113ri:<\/strong><\/p>\n<ul>\n<li>#06, #08, #10, #15, #20, #25, #30, #35, #40, #45, #50, #55, #60, #70, #80<\/li>\n<li>Vienoti izm\u0113ri 6 gab.\/pake<\/li>\n<li>Komplekt\u0101 Nr. 15-40 ietilpst:\n<ul>\n<li>#15, #20, #25, #30, #35, #40<\/li>\n<\/ul>\n<\/li>\n<li>Komplekt\u0101 Nr. 45-80 ietilpst:\n<ul>\n<li>#45, #50, #55, #60, #70, #80<\/li>\n<li>Asorti 6 gab.\/pake (1 gab. no katra izm\u0113ra)<\/li>\n<\/ul>\n<\/li>\n<li>Pieejamie garumi: 21 mm un 25 mm<\/li>\n<\/ul>","protected":false},"excerpt":{"rendered":"<p>Premium Plus E30 K-Files Stainless Steel Used to clean, shape, enlarge or measure the root canal during procedures Stainless steel<\/p>","protected":false},"featured_media":5106,"template":"","meta":[],"product_brand":[96],"product_cat":[59],"product_tag":[],"class_list":{"0":"post-4219","1":"product","2":"type-product","3":"status-publish","4":"has-post-thumbnail","6":"product_brand-premium-plus-poland","7":"product_cat-premium-plus-poland","9":"first","10":"instock","11":"shipping-taxable","12":"purchasable","13":"product-type-simple"},"_links":{"self":[{"href":"https:\/\/goldberg.lv\/lv\/wp-json\/wp\/v2\/product\/4219","targetHints":{"allow":["GET"]}}],"collection":[{"href":"https:\/\/goldberg.lv\/lv\/wp-json\/wp\/v2\/product"}],"about":[{"href":"https:\/\/goldberg.lv\/lv\/wp-json\/wp\/v2\/types\/product"}],"wp:featuredmedia":[{"embeddable":true,"href":"https:\/\/goldberg.lv\/lv\/wp-json\/wp\/v2\/media\/5106"}],"wp:attachment":[{"href":"https:\/\/goldberg.lv\/lv\/wp-json\/wp\/v2\/media?parent=4219"}],"wp:term":[{"taxonomy":"product_brand","embeddable":true,"href":"https:\/\/goldberg.lv\/lv\/wp-json\/wp\/v2\/product_brand?post=4219"},{"taxonomy":"product_cat","embeddable":true,"href":"https:\/\/goldberg.lv\/lv\/wp-json\/wp\/v2\/product_cat?post=4219"},{"taxonomy":"product_tag","embeddable":true,"href":"https:\/\/goldberg.lv\/lv\/wp-json\/wp\/v2\/product_tag?post=4219"}],"curies":[{"name":"wp","href":"https:\/\/api.w.org\/{rel}","templated":true}]}}