{"id":4213,"date":"2025-11-03T15:28:01","date_gmt":"2025-11-03T12:28:01","guid":{"rendered":"https:\/\/goldberg.lv\/shop\/lillac-trays-400pcs\/"},"modified":"2026-02-11T15:22:39","modified_gmt":"2026-02-11T12:22:39","slug":"lillac-trays-400pcs","status":"publish","type":"product","link":"https:\/\/goldberg.lv\/lv\/shop\/lillac-trays-400pcs\/","title":{"rendered":"L\u0100D\u012aTES 400 GAB."},"content":{"rendered":"<p>Vienreizlietojam\u0101s papl\u0101tes, kas izgatavotas no iztur\u012bgas pastiprin\u0101tas<br \/>\nplastmasas materi\u0101ls (polistirols), nesterils,<br \/>\nbiolo\u0123iski no\u0101rd\u0101ms un ar pastiprin\u0101t\u0101m mal\u0101m.<br \/>\nTos izmanto instrumentu atp\u016btin\u0101\u0161anai un<br \/>\nmateri\u0101li.<\/p>","protected":false},"excerpt":{"rendered":"<p>KR\u0100SAS<\/p>\n<p>Laima, gai\u0161i zils, ceri\u0146i, oran\u017es, dzeltens, balts.<\/p>\n<p>IZM\u0112RS<\/p>\n<p>18\u00d728 cm<\/p>","protected":false},"featured_media":4676,"template":"","meta":[],"product_brand":[101],"product_cat":[64,116],"product_tag":[],"class_list":{"0":"post-4213","1":"product","2":"type-product","3":"status-publish","4":"has-post-thumbnail","6":"product_brand-sogeva","7":"product_cat-sogeva","8":"product_cat-disposable-materials","10":"first","11":"instock","12":"shipping-taxable","13":"purchasable","14":"product-type-simple"},"_links":{"self":[{"href":"https:\/\/goldberg.lv\/lv\/wp-json\/wp\/v2\/product\/4213","targetHints":{"allow":["GET"]}}],"collection":[{"href":"https:\/\/goldberg.lv\/lv\/wp-json\/wp\/v2\/product"}],"about":[{"href":"https:\/\/goldberg.lv\/lv\/wp-json\/wp\/v2\/types\/product"}],"wp:featuredmedia":[{"embeddable":true,"href":"https:\/\/goldberg.lv\/lv\/wp-json\/wp\/v2\/media\/4676"}],"wp:attachment":[{"href":"https:\/\/goldberg.lv\/lv\/wp-json\/wp\/v2\/media?parent=4213"}],"wp:term":[{"taxonomy":"product_brand","embeddable":true,"href":"https:\/\/goldberg.lv\/lv\/wp-json\/wp\/v2\/product_brand?post=4213"},{"taxonomy":"product_cat","embeddable":true,"href":"https:\/\/goldberg.lv\/lv\/wp-json\/wp\/v2\/product_cat?post=4213"},{"taxonomy":"product_tag","embeddable":true,"href":"https:\/\/goldberg.lv\/lv\/wp-json\/wp\/v2\/product_tag?post=4213"}],"curies":[{"name":"wp","href":"https:\/\/api.w.org\/{rel}","templated":true}]}}