{"id":4212,"date":"2025-11-03T15:27:59","date_gmt":"2025-11-03T12:27:59","guid":{"rendered":"https:\/\/goldberg.lv\/shop\/sm-16101519vb-surgicryl-monofast-ep1-usp5-0-needle-3-8cir-cut-black19mm-75cm-violet\/"},"modified":"2026-04-15T17:55:46","modified_gmt":"2026-04-15T14:55:46","slug":"sm-16101519vb-surgicryl-monofast-ep1-usp5-0-needle-3-8cir-cut-black19mm-75cm-violet","status":"publish","type":"product","link":"https:\/\/goldberg.lv\/lv\/shop\/sm-16101519vb-surgicryl-monofast-ep1-usp5-0-needle-3-8cir-cut-black19mm-75cm-violet\/","title":{"rendered":"SM 16101519VB SURGICRYL MONOFAST EP1 USP5\/0 NEEDLE 3\/8CIR CUT.BLACK19MM\/75CM VIOLET"},"content":{"rendered":"<p>&nbsp;<\/p>\n<table class=\"table table-hover mt-4\">\n<tbody>\n<tr>\n<th scope=\"row\">Tips<\/th>\n<td>Mono\u0161\u0137iedra<\/td>\n<\/tr>\n<tr>\n<th scope=\"row\">Sast\u0101vs<\/th>\n<td>Poliglekaprons 25, kopolim\u0113rs, kas izgatavots no 75% glikol\u012bda un 25% \u0404-kaprolaktona.<\/td>\n<\/tr>\n<tr>\n<th scope=\"row\">P\u0101rkl\u0101jums<\/th>\n<td>Nav<\/td>\n<\/tr>\n<tr>\n<th scope=\"row\">Kr\u0101sa<\/th>\n<td>Violets \/ B\u0113\u0161s - nekr\u0101sots<\/td>\n<\/tr>\n<tr>\n<th scope=\"row\">Audu reakcija<\/th>\n<td>Minim\u0101ls<\/td>\n<\/tr>\n<tr>\n<th scope=\"row\">Absorbcija<\/th>\n<td>Hidroliz\u0113jo\u0161\u0101s darb\u012bbas rezult\u0101t\u0101 materi\u0101ls sadal\u0101s, un t\u0101 piln\u012bga absorbcija notiek aptuveni 90-110 dienu laik\u0101. P\u0113c 7 dien\u0101m paliek aptuveni 75% stiepes iztur\u012bbas.<\/td>\n<\/tr>\n<tr>\n<th scope=\"row\">Prezent\u0101cija<\/th>\n<td>Kaste ar 12 \u0161uv\u0113m<\/td>\n<\/tr>\n<\/tbody>\n<\/table>\n<p>&nbsp;<\/p>","protected":false},"excerpt":{"rendered":"<p>&nbsp; Type Monofilament Composition Polyglecaprone 25, a copolymer made of 75% glycolide and 25% \u0404-caprolactone Coating None Colour Violet \/<\/p>","protected":false},"featured_media":4600,"template":"","meta":[],"product_brand":[99],"product_cat":[63,112],"product_tag":[],"class_list":{"0":"post-4212","1":"product","2":"type-product","3":"status-publish","4":"has-post-thumbnail","6":"product_brand-smi","7":"product_cat-smi","8":"product_cat-surgery","10":"first","11":"outofstock","12":"shipping-taxable","13":"purchasable","14":"product-type-simple"},"_links":{"self":[{"href":"https:\/\/goldberg.lv\/lv\/wp-json\/wp\/v2\/product\/4212","targetHints":{"allow":["GET"]}}],"collection":[{"href":"https:\/\/goldberg.lv\/lv\/wp-json\/wp\/v2\/product"}],"about":[{"href":"https:\/\/goldberg.lv\/lv\/wp-json\/wp\/v2\/types\/product"}],"wp:featuredmedia":[{"embeddable":true,"href":"https:\/\/goldberg.lv\/lv\/wp-json\/wp\/v2\/media\/4600"}],"wp:attachment":[{"href":"https:\/\/goldberg.lv\/lv\/wp-json\/wp\/v2\/media?parent=4212"}],"wp:term":[{"taxonomy":"product_brand","embeddable":true,"href":"https:\/\/goldberg.lv\/lv\/wp-json\/wp\/v2\/product_brand?post=4212"},{"taxonomy":"product_cat","embeddable":true,"href":"https:\/\/goldberg.lv\/lv\/wp-json\/wp\/v2\/product_cat?post=4212"},{"taxonomy":"product_tag","embeddable":true,"href":"https:\/\/goldberg.lv\/lv\/wp-json\/wp\/v2\/product_tag?post=4212"}],"curies":[{"name":"wp","href":"https:\/\/api.w.org\/{rel}","templated":true}]}}