{"id":4207,"date":"2025-11-03T15:27:49","date_gmt":"2025-11-03T12:27:49","guid":{"rendered":"https:\/\/goldberg.lv\/shop\/scaler-tips-nsk-en10\/"},"modified":"2026-04-15T17:55:45","modified_gmt":"2026-04-15T14:55:45","slug":"scaler-tips-nsk-en10","status":"publish","type":"product","link":"https:\/\/goldberg.lv\/lv\/shop\/scaler-tips-nsk-en10\/","title":{"rendered":"Skalera uzga\u013ci NSK EN10"},"content":{"rendered":"<p>Izmanto priek\u0161\u0113jo sak\u0146u kan\u0101lu saudz\u012bgai \u0101rst\u0113\u0161anai.<br \/>\nzobi.<\/p>","protected":false},"excerpt":{"rendered":"<p>RETRO<\/p>","protected":false},"featured_media":4844,"template":"","meta":[],"product_brand":[107],"product_cat":[58,113],"product_tag":[],"class_list":{"0":"post-4207","1":"product","2":"type-product","3":"status-publish","4":"has-post-thumbnail","6":"product_brand-xpedent","7":"product_cat-xpedent","8":"product_cat-endodontics","10":"first","11":"outofstock","12":"shipping-taxable","13":"purchasable","14":"product-type-simple"},"_links":{"self":[{"href":"https:\/\/goldberg.lv\/lv\/wp-json\/wp\/v2\/product\/4207","targetHints":{"allow":["GET"]}}],"collection":[{"href":"https:\/\/goldberg.lv\/lv\/wp-json\/wp\/v2\/product"}],"about":[{"href":"https:\/\/goldberg.lv\/lv\/wp-json\/wp\/v2\/types\/product"}],"wp:featuredmedia":[{"embeddable":true,"href":"https:\/\/goldberg.lv\/lv\/wp-json\/wp\/v2\/media\/4844"}],"wp:attachment":[{"href":"https:\/\/goldberg.lv\/lv\/wp-json\/wp\/v2\/media?parent=4207"}],"wp:term":[{"taxonomy":"product_brand","embeddable":true,"href":"https:\/\/goldberg.lv\/lv\/wp-json\/wp\/v2\/product_brand?post=4207"},{"taxonomy":"product_cat","embeddable":true,"href":"https:\/\/goldberg.lv\/lv\/wp-json\/wp\/v2\/product_cat?post=4207"},{"taxonomy":"product_tag","embeddable":true,"href":"https:\/\/goldberg.lv\/lv\/wp-json\/wp\/v2\/product_tag?post=4207"}],"curies":[{"name":"wp","href":"https:\/\/api.w.org\/{rel}","templated":true}]}}