{"id":4182,"date":"2025-11-03T15:27:18","date_gmt":"2025-11-03T12:27:18","guid":{"rendered":"https:\/\/goldberg.lv\/shop\/coxo-c-fill-mini-gun-endodontic-obturation-system\/"},"modified":"2026-04-15T17:55:22","modified_gmt":"2026-04-15T14:55:22","slug":"coxo-c-fill-mini-gun-endodontic-obturation-system","status":"publish","type":"product","link":"https:\/\/goldberg.lv\/lv\/shop\/coxo-c-fill-mini-gun-endodontic-obturation-system\/","title":{"rendered":"COXO C Fill mini GUN endodontisk\u0101s obtur\u0101cijas sist\u0113ma"},"content":{"rendered":"<h3>C-FILL MINI Gun:<\/h3>\n<p>1. Compact design and comfortable grip.<\/p>\n<p>2. The nozzle can rotate \u00b1100\u00b0 for easy switching between modes.<\/p>\n<p>3. Adjustable temperature: 150\u2103, 180\u2103, 200\u2103, 230\u2103.<\/p>\n<p>4. Built-in temperature control system with minimal temperature error.<\/p>\n<p>5. Reaches 230\u2103 in 20 seconds.<\/p>\n<p>6. Built-in energy-saving system; automatically activates energy-saving mode when placed back on the charging dock.<\/p>\n<p>7. Built-in protection system; automatically shuts off after 10 minutes of inactivity.<\/p>\n<p>Left and right buttons and a dual-screen display allow for left- or right-handed operation.<\/p>","protected":false},"excerpt":{"rendered":"<p>C-FILL MINI Gun: 1. Compact design and comfortable grip. 2. The nozzle can rotate \u00b1100\u00b0 for easy switching between modes.<\/p>","protected":false},"featured_media":4437,"template":"","meta":[],"product_brand":[89],"product_cat":[53,113,119],"product_tag":[],"class_list":{"0":"post-4182","1":"product","2":"type-product","3":"status-publish","4":"has-post-thumbnail","6":"product_brand-coxo","7":"product_cat-coxo","8":"product_cat-endodontics","9":"product_cat-equipment","11":"first","12":"outofstock","13":"shipping-taxable","14":"purchasable","15":"product-type-simple"},"_links":{"self":[{"href":"https:\/\/goldberg.lv\/lv\/wp-json\/wp\/v2\/product\/4182","targetHints":{"allow":["GET"]}}],"collection":[{"href":"https:\/\/goldberg.lv\/lv\/wp-json\/wp\/v2\/product"}],"about":[{"href":"https:\/\/goldberg.lv\/lv\/wp-json\/wp\/v2\/types\/product"}],"wp:featuredmedia":[{"embeddable":true,"href":"https:\/\/goldberg.lv\/lv\/wp-json\/wp\/v2\/media\/4437"}],"wp:attachment":[{"href":"https:\/\/goldberg.lv\/lv\/wp-json\/wp\/v2\/media?parent=4182"}],"wp:term":[{"taxonomy":"product_brand","embeddable":true,"href":"https:\/\/goldberg.lv\/lv\/wp-json\/wp\/v2\/product_brand?post=4182"},{"taxonomy":"product_cat","embeddable":true,"href":"https:\/\/goldberg.lv\/lv\/wp-json\/wp\/v2\/product_cat?post=4182"},{"taxonomy":"product_tag","embeddable":true,"href":"https:\/\/goldberg.lv\/lv\/wp-json\/wp\/v2\/product_tag?post=4182"}],"curies":[{"name":"wp","href":"https:\/\/api.w.org\/{rel}","templated":true}]}}