{"id":4181,"date":"2025-11-03T15:27:17","date_gmt":"2025-11-03T12:27:17","guid":{"rendered":"https:\/\/goldberg.lv\/shop\/non-woven-sogeva-ice-packs-24-pcs\/"},"modified":"2026-04-15T17:55:19","modified_gmt":"2026-04-15T14:55:19","slug":"non-woven-sogeva-ice-packs-24-pcs","status":"publish","type":"product","link":"https:\/\/goldberg.lv\/lv\/shop\/non-woven-sogeva-ice-packs-24-pcs\/","title":{"rendered":"NEAUSTIE SOGEVA LEDUS IEPAKOJUMI 24 GAB."},"content":{"rendered":"<p>Vienreizlietojamais ledus t\u016bl\u012bt\u0113jam aukstumam<br \/>\nindic\u0113ts traumu gad\u012bjumos, lai remd\u0113tu s\u0101pes.<br \/>\nun nov\u0113rst zilumu vai piet\u016bkumu. Sogeva<br \/>\nInstant Ice izce\u013cas ar unik\u0101lu<br \/>\nformula, kas sasniedz aukstuma temperat\u016bru l\u012bdz<br \/>\nl\u012bdz -4 gr\u0101diem da\u017eu sekun\u017eu laik\u0101 un saglab\u0101 to.<\/p>","protected":false},"excerpt":{"rendered":"<p>Disposable instant ice for instant cold indicated in cases of trauma, to soothe pain and prevent bruising or swelling. Sogeva\u2019s<\/p>","protected":false},"featured_media":4665,"template":"","meta":[],"product_brand":[101],"product_cat":[64,116,112],"product_tag":[],"class_list":{"0":"post-4181","1":"product","2":"type-product","3":"status-publish","4":"has-post-thumbnail","6":"product_brand-sogeva","7":"product_cat-sogeva","8":"product_cat-disposable-materials","9":"product_cat-surgery","11":"first","12":"instock","13":"shipping-taxable","14":"purchasable","15":"product-type-simple"},"_links":{"self":[{"href":"https:\/\/goldberg.lv\/lv\/wp-json\/wp\/v2\/product\/4181","targetHints":{"allow":["GET"]}}],"collection":[{"href":"https:\/\/goldberg.lv\/lv\/wp-json\/wp\/v2\/product"}],"about":[{"href":"https:\/\/goldberg.lv\/lv\/wp-json\/wp\/v2\/types\/product"}],"wp:featuredmedia":[{"embeddable":true,"href":"https:\/\/goldberg.lv\/lv\/wp-json\/wp\/v2\/media\/4665"}],"wp:attachment":[{"href":"https:\/\/goldberg.lv\/lv\/wp-json\/wp\/v2\/media?parent=4181"}],"wp:term":[{"taxonomy":"product_brand","embeddable":true,"href":"https:\/\/goldberg.lv\/lv\/wp-json\/wp\/v2\/product_brand?post=4181"},{"taxonomy":"product_cat","embeddable":true,"href":"https:\/\/goldberg.lv\/lv\/wp-json\/wp\/v2\/product_cat?post=4181"},{"taxonomy":"product_tag","embeddable":true,"href":"https:\/\/goldberg.lv\/lv\/wp-json\/wp\/v2\/product_tag?post=4181"}],"curies":[{"name":"wp","href":"https:\/\/api.w.org\/{rel}","templated":true}]}}