{"id":4179,"date":"2025-11-03T15:27:14","date_gmt":"2025-11-03T12:27:14","guid":{"rendered":"https:\/\/goldberg.lv\/shop\/steam-strips-class-4-250x2\/"},"modified":"2026-02-12T12:27:55","modified_gmt":"2026-02-12T09:27:55","slug":"steam-strips-class-4-250x2","status":"publish","type":"product","link":"https:\/\/goldberg.lv\/lv\/shop\/steam-strips-class-4-250x2\/","title":{"rendered":"TVAIKA SLOKSNES 4 250X2 KLASES"},"content":{"rendered":"<p>4. klases tvaika indikatoru sloksnes 4. klases tvaika<br \/>\nindikatoru sloksnes ir paredz\u0113tas lieto\u0161anai tvaika re\u017e\u012bm\u0101.<br \/>\nsterilizatori, kas darbojas 134\u00b0C temperat\u016br\u0101 -3,5 min\u016btes. Uz<br \/>\nindikatoru sloksnes var izmantot katr\u0101 iepakojum\u0101 un<br \/>\nnodro\u0161in\u0101s tvaika iek\u013c\u016b\u0161anu<br \/>\niepakojumi. Sogeva indikatoru sloksnes var<br \/>\nsadal\u012bta div\u0101s atsevi\u0161\u0137\u0101s da\u013c\u0101s ekonomisk\u0101kai<br \/>\nizmantot.<\/p>","protected":false},"excerpt":{"rendered":"<p>SERTIFIK\u0100TI<br \/>\nISO 11140-1 4 tips<\/p>","protected":false},"featured_media":4735,"template":"","meta":[],"product_brand":[101],"product_cat":[64,120],"product_tag":[],"class_list":{"0":"post-4179","1":"product","2":"type-product","3":"status-publish","4":"has-post-thumbnail","6":"product_brand-sogeva","7":"product_cat-sogeva","8":"product_cat-disinfection-sterilization","10":"first","11":"instock","12":"shipping-taxable","13":"purchasable","14":"product-type-simple"},"_links":{"self":[{"href":"https:\/\/goldberg.lv\/lv\/wp-json\/wp\/v2\/product\/4179","targetHints":{"allow":["GET"]}}],"collection":[{"href":"https:\/\/goldberg.lv\/lv\/wp-json\/wp\/v2\/product"}],"about":[{"href":"https:\/\/goldberg.lv\/lv\/wp-json\/wp\/v2\/types\/product"}],"wp:featuredmedia":[{"embeddable":true,"href":"https:\/\/goldberg.lv\/lv\/wp-json\/wp\/v2\/media\/4735"}],"wp:attachment":[{"href":"https:\/\/goldberg.lv\/lv\/wp-json\/wp\/v2\/media?parent=4179"}],"wp:term":[{"taxonomy":"product_brand","embeddable":true,"href":"https:\/\/goldberg.lv\/lv\/wp-json\/wp\/v2\/product_brand?post=4179"},{"taxonomy":"product_cat","embeddable":true,"href":"https:\/\/goldberg.lv\/lv\/wp-json\/wp\/v2\/product_cat?post=4179"},{"taxonomy":"product_tag","embeddable":true,"href":"https:\/\/goldberg.lv\/lv\/wp-json\/wp\/v2\/product_tag?post=4179"}],"curies":[{"name":"wp","href":"https:\/\/api.w.org\/{rel}","templated":true}]}}