{"id":4178,"date":"2025-11-03T15:27:12","date_gmt":"2025-11-03T12:27:12","guid":{"rendered":"https:\/\/goldberg.lv\/shop\/isodent-denture-brush-green\/"},"modified":"2026-01-26T16:35:30","modified_gmt":"2026-01-26T13:35:30","slug":"isodent-denture-brush-green","status":"publish","type":"product","link":"https:\/\/goldberg.lv\/lv\/shop\/isodent-denture-brush-green\/","title":{"rendered":"ISODENT zobu prot\u0113\u017eu birste ZELTA"},"content":{"rendered":"<div class=\"elementor-element elementor-element-d9af168 elementor-widget elementor-widget-theme-post-title elementor-page-title elementor-widget-heading\" data-id=\"d9af168\" data-element_type=\"widget\" data-widget_type=\"theme-post-title.default\">\n<div class=\"elementor-widget-container\">\n<h1 class=\"elementor-heading-title elementor-size-default\">Iz\u0146emamu mutes dobuma ier\u012b\u010du t\u012br\u012b\u0161anas birste<\/h1>\n<\/div>\n<\/div>\n<div class=\"elementor-element elementor-element-235bf74 elementor-widget elementor-widget-theme-post-excerpt\" data-id=\"235bf74\" data-element_type=\"widget\" data-widget_type=\"theme-post-excerpt.default\">\n<div class=\"elementor-widget-container\">Ar t\u012br\u012b\u0161anas birst\u012bti varat uztur\u0113t t\u012br\u012bb\u0101 iz\u0146emam\u0101s ortodontisk\u0101s ier\u012bces, miega apnojas ier\u012bces, pretsmak\u0161anas iemuti\u0146us, sporta aizsargu, ortodontisk\u0101s pl\u0113ves un citas iz\u0146emam\u0101s mutes dobuma ier\u012bces - katru dienu! Lai sasniegtu vislab\u0101kos rezult\u0101tus, izmantojiet kop\u0101 ar Ortho t\u012br\u012b\u0161anas \u0161\u0137idrumu.<\/div>\n<div>\n<h3 id=\"E4346\" class=\"x-scope qowt-word-para-1\"><span id=\"E4347\">K\u0101p\u0113c jums vajadz\u0113tu lietot t\u012br\u012b\u0161anas birsti?<\/span><\/h3>\n<p id=\"E4348\" class=\"x-scope qowt-word-para-0\"><span id=\"E4349\">IsoDent t\u012br\u012b\u0161ana\u00a0<\/span><span id=\"E4350\">birstes uzlabo\u0161ana<\/span><span id=\"E4351\">s<\/span><span id=\"E4352\">\u00a0mazg\u0101\u0161anas l\u012bdzek\u013cu t\u012br\u012b\u0161anas iedarb\u012bbu. Lai pareizi not\u012br\u012btu\u00a0<\/span><span id=\"E4353\">mutes dobuma ier\u012bces<\/span><span id=\"E4354\">, nepiecie\u0161ama meh\u0101niska t\u012br\u012b\u0161ana ar birsti. Bakt\u0113rijas mut\u0113 \u012bpa\u0161i pie\u0137eras virsm\u0101m.<\/span><span id=\"E4355\">,\u00a0<\/span><span id=\"E4356\">un suku t\u012br\u012b\u0161ana tos no\u0146em.<\/span><\/p>\n<\/div>\n<\/div>","protected":false},"excerpt":{"rendered":"<p>Cleaning brush for removable oral devices With the cleaning brush, you can keep removable orthodontic appliances, sleep apnea devices, anti-snoring<\/p>","protected":false},"featured_media":4477,"template":"","meta":[],"product_brand":[93],"product_cat":[50,114],"product_tag":[],"class_list":{"0":"post-4178","1":"product","2":"type-product","3":"status-publish","4":"has-post-thumbnail","6":"product_brand-isodent","7":"product_cat-isodent","8":"product_cat-hygiene","10":"first","11":"instock","12":"shipping-taxable","13":"purchasable","14":"product-type-simple"},"_links":{"self":[{"href":"https:\/\/goldberg.lv\/lv\/wp-json\/wp\/v2\/product\/4178","targetHints":{"allow":["GET"]}}],"collection":[{"href":"https:\/\/goldberg.lv\/lv\/wp-json\/wp\/v2\/product"}],"about":[{"href":"https:\/\/goldberg.lv\/lv\/wp-json\/wp\/v2\/types\/product"}],"wp:featuredmedia":[{"embeddable":true,"href":"https:\/\/goldberg.lv\/lv\/wp-json\/wp\/v2\/media\/4477"}],"wp:attachment":[{"href":"https:\/\/goldberg.lv\/lv\/wp-json\/wp\/v2\/media?parent=4178"}],"wp:term":[{"taxonomy":"product_brand","embeddable":true,"href":"https:\/\/goldberg.lv\/lv\/wp-json\/wp\/v2\/product_brand?post=4178"},{"taxonomy":"product_cat","embeddable":true,"href":"https:\/\/goldberg.lv\/lv\/wp-json\/wp\/v2\/product_cat?post=4178"},{"taxonomy":"product_tag","embeddable":true,"href":"https:\/\/goldberg.lv\/lv\/wp-json\/wp\/v2\/product_tag?post=4178"}],"curies":[{"name":"wp","href":"https:\/\/api.w.org\/{rel}","templated":true}]}}