{"id":4126,"date":"2025-11-03T15:25:59","date_gmt":"2025-11-03T12:25:59","guid":{"rendered":"https:\/\/goldberg.lv\/shop\/gr-1-3131-saddle-matrices-standard-shape-12pcs\/"},"modified":"2026-04-15T17:54:50","modified_gmt":"2026-04-15T14:54:50","slug":"gr-1-3131-saddle-matrices-standard-shape-12pcs","status":"publish","type":"product","link":"https:\/\/goldberg.lv\/lv\/shop\/gr-1-3131-saddle-matrices-standard-shape-12pcs\/","title":{"rendered":"GR 1.313(1) Saddle Matrices Standard shape 12pcs"},"content":{"rendered":"<h5>S\u0113dek\u013ca kont\u016brveida met\u0101la matricas<br \/>\nlarge<\/h5>\n<p>12 gab.<\/p>\n<p>&nbsp;<\/p>\n<p>Ir 4 formu matricas:<br \/>\nforma 1 - standarta,<br \/>\nforma 2 - ar regul\u0113jamu centr\u0101lo da\u013cu,<br \/>\n3. forma - ar papla\u0161in\u0101tu subgingiv\u0101lo l\u012bst\u012bti,<br \/>\nforma 4 - ar sa\u0161aurin\u0101t\u0101m mal\u0101m.<\/p>\n<p><em>The height of the tubes at the edges of the matrices of shape 4 is 2 times less than that of matrices of shapes 1 &#8211; 3.<br \/>\nThe narrow edges of the shape 4 matrix do not rest on the gum, that allows the matrix to be placed on a low crown and moved around the tooth.<\/em><\/p>","protected":false},"excerpt":{"rendered":"<p>Saddle Contoured Metal Matrices large 12 pcs. &nbsp; There are matrices of 4 shapes: shape 1 &#8211; standard, shape 2<\/p>","protected":false},"featured_media":5892,"template":"","meta":[],"product_brand":[103],"product_cat":[57,111],"product_tag":[],"class_list":{"0":"post-4126","1":"product","2":"type-product","3":"status-publish","4":"has-post-thumbnail","6":"product_brand-tor","7":"product_cat-tor","8":"product_cat-therapy","10":"first","11":"instock","12":"shipping-taxable","13":"purchasable","14":"product-type-simple"},"_links":{"self":[{"href":"https:\/\/goldberg.lv\/lv\/wp-json\/wp\/v2\/product\/4126","targetHints":{"allow":["GET"]}}],"collection":[{"href":"https:\/\/goldberg.lv\/lv\/wp-json\/wp\/v2\/product"}],"about":[{"href":"https:\/\/goldberg.lv\/lv\/wp-json\/wp\/v2\/types\/product"}],"wp:featuredmedia":[{"embeddable":true,"href":"https:\/\/goldberg.lv\/lv\/wp-json\/wp\/v2\/media\/5892"}],"wp:attachment":[{"href":"https:\/\/goldberg.lv\/lv\/wp-json\/wp\/v2\/media?parent=4126"}],"wp:term":[{"taxonomy":"product_brand","embeddable":true,"href":"https:\/\/goldberg.lv\/lv\/wp-json\/wp\/v2\/product_brand?post=4126"},{"taxonomy":"product_cat","embeddable":true,"href":"https:\/\/goldberg.lv\/lv\/wp-json\/wp\/v2\/product_cat?post=4126"},{"taxonomy":"product_tag","embeddable":true,"href":"https:\/\/goldberg.lv\/lv\/wp-json\/wp\/v2\/product_tag?post=4126"}],"curies":[{"name":"wp","href":"https:\/\/api.w.org\/{rel}","templated":true}]}}