{"id":4119,"date":"2025-11-03T15:25:50","date_gmt":"2025-11-03T12:25:50","guid":{"rendered":"https:\/\/goldberg.lv\/shop\/gr-1-3032saddle-matrices-flexible-central-part-12pcs\/"},"modified":"2026-04-15T17:54:47","modified_gmt":"2026-04-15T14:54:47","slug":"gr-1-3032saddle-matrices-flexible-central-part-12pcs","status":"publish","type":"product","link":"https:\/\/goldberg.lv\/lv\/shop\/gr-1-3032saddle-matrices-flexible-central-part-12pcs\/","title":{"rendered":"GR 1.303(2)Saddle Matrices flexible central part 12pcs"},"content":{"rendered":"<h5>Seglu met\u0101la matricas<br \/>\nlarge<\/h5>\n<p>12 gab.<\/p>\n<p>&nbsp;<\/p>\n<p>There are matrices of 3 shapes:<br \/>\nforma 1 - standarta,<br \/>\nforma 2 - ar regul\u0113jamu centr\u0101lo da\u013cu,<br \/>\n3. forma - ar papla\u0161in\u0101tu subgingiv\u0101lo l\u012bst\u012bti,<br \/>\nforma 4 - ar sa\u0161aurin\u0101t\u0101m mal\u0101m.<\/p>\n<p><em>Visas matricas ir pieejamas divu biezumu - 0,050 mm un 0,035 mm.<\/em><\/p>","protected":false},"excerpt":{"rendered":"<p>Saddle Metal Matrices large 12 pcs. &nbsp; There are matrices of 3 shapes: shape 1 &#8211; standard, shape 2 &#8211;<\/p>","protected":false},"featured_media":5906,"template":"","meta":[],"product_brand":[103],"product_cat":[57],"product_tag":[],"class_list":{"0":"post-4119","1":"product","2":"type-product","3":"status-publish","4":"has-post-thumbnail","6":"product_brand-tor","7":"product_cat-tor","9":"first","10":"instock","11":"shipping-taxable","12":"purchasable","13":"product-type-simple"},"_links":{"self":[{"href":"https:\/\/goldberg.lv\/lv\/wp-json\/wp\/v2\/product\/4119","targetHints":{"allow":["GET"]}}],"collection":[{"href":"https:\/\/goldberg.lv\/lv\/wp-json\/wp\/v2\/product"}],"about":[{"href":"https:\/\/goldberg.lv\/lv\/wp-json\/wp\/v2\/types\/product"}],"wp:featuredmedia":[{"embeddable":true,"href":"https:\/\/goldberg.lv\/lv\/wp-json\/wp\/v2\/media\/5906"}],"wp:attachment":[{"href":"https:\/\/goldberg.lv\/lv\/wp-json\/wp\/v2\/media?parent=4119"}],"wp:term":[{"taxonomy":"product_brand","embeddable":true,"href":"https:\/\/goldberg.lv\/lv\/wp-json\/wp\/v2\/product_brand?post=4119"},{"taxonomy":"product_cat","embeddable":true,"href":"https:\/\/goldberg.lv\/lv\/wp-json\/wp\/v2\/product_cat?post=4119"},{"taxonomy":"product_tag","embeddable":true,"href":"https:\/\/goldberg.lv\/lv\/wp-json\/wp\/v2\/product_tag?post=4119"}],"curies":[{"name":"wp","href":"https:\/\/api.w.org\/{rel}","templated":true}]}}