{"id":4103,"date":"2025-11-03T15:25:32","date_gmt":"2025-11-03T12:25:32","guid":{"rendered":"https:\/\/goldberg.lv\/shop\/gr-1-185-wooden-wedges-100-pcs\/"},"modified":"2026-04-15T17:54:39","modified_gmt":"2026-04-15T14:54:39","slug":"gr-1-185-wooden-wedges-100-pcs","status":"publish","type":"product","link":"https:\/\/goldberg.lv\/lv\/shop\/gr-1-185-wooden-wedges-100-pcs\/","title":{"rendered":"GR 1.185 Wooden Wedges 100 pcs"},"content":{"rendered":"<h5>Koka \u0137\u012b\u013cu nostiprin\u0101\u0161ana<\/h5>\n<p>vid\u0113ja, \u012bsa<br \/>\n(zils)<\/p>\n<p>&nbsp;<\/p>\n<p>100 gab.<\/p>","protected":false},"excerpt":{"rendered":"<p>Fixing Wooden Wedges medium, short (blue) &nbsp; 100 pcs.<\/p>","protected":false},"featured_media":5605,"template":"","meta":[],"product_brand":[103],"product_cat":[57,111],"product_tag":[],"class_list":{"0":"post-4103","1":"product","2":"type-product","3":"status-publish","4":"has-post-thumbnail","6":"product_brand-tor","7":"product_cat-tor","8":"product_cat-therapy","10":"first","11":"instock","12":"shipping-taxable","13":"purchasable","14":"product-type-simple"},"_links":{"self":[{"href":"https:\/\/goldberg.lv\/lv\/wp-json\/wp\/v2\/product\/4103","targetHints":{"allow":["GET"]}}],"collection":[{"href":"https:\/\/goldberg.lv\/lv\/wp-json\/wp\/v2\/product"}],"about":[{"href":"https:\/\/goldberg.lv\/lv\/wp-json\/wp\/v2\/types\/product"}],"wp:featuredmedia":[{"embeddable":true,"href":"https:\/\/goldberg.lv\/lv\/wp-json\/wp\/v2\/media\/5605"}],"wp:attachment":[{"href":"https:\/\/goldberg.lv\/lv\/wp-json\/wp\/v2\/media?parent=4103"}],"wp:term":[{"taxonomy":"product_brand","embeddable":true,"href":"https:\/\/goldberg.lv\/lv\/wp-json\/wp\/v2\/product_brand?post=4103"},{"taxonomy":"product_cat","embeddable":true,"href":"https:\/\/goldberg.lv\/lv\/wp-json\/wp\/v2\/product_cat?post=4103"},{"taxonomy":"product_tag","embeddable":true,"href":"https:\/\/goldberg.lv\/lv\/wp-json\/wp\/v2\/product_tag?post=4103"}],"curies":[{"name":"wp","href":"https:\/\/api.w.org\/{rel}","templated":true}]}}