{"id":4099,"date":"2025-11-03T15:25:27","date_gmt":"2025-11-03T12:25:27","guid":{"rendered":"https:\/\/goldberg.lv\/shop\/gr-1-180-wooden-wedges-100-pcs-2-types\/"},"modified":"2026-04-15T17:54:37","modified_gmt":"2026-04-15T14:54:37","slug":"gr-1-180-wooden-wedges-100-pcs-2-types","status":"publish","type":"product","link":"https:\/\/goldberg.lv\/lv\/shop\/gr-1-180-wooden-wedges-100-pcs-2-types\/","title":{"rendered":"GR 1.080 Wooden Wedges 100 pcs 2 Types"},"content":{"rendered":"<h5>Koka \u0137\u012b\u013cu nostiprin\u0101\u0161ana<br \/>\n100 gab.<\/h5>\n<p>&nbsp;<\/p>\n<h5><em>- balts (pl\u0101ns, \u012bss) - 50 gab.<\/em><br \/>\n<em>- zils (vid\u0113js, \u012bss)- 50 gab.<\/em><\/h5>","protected":false},"excerpt":{"rendered":"<p>Fixing Wooden Wedges 100 pcs. &nbsp; \u2022 white (thin, short) &#8211; 50 pcs. \u2022 blue (medium, short)- 50 pcs.<\/p>","protected":false},"featured_media":5604,"template":"","meta":[],"product_brand":[103],"product_cat":[57,111],"product_tag":[],"class_list":{"0":"post-4099","1":"product","2":"type-product","3":"status-publish","4":"has-post-thumbnail","6":"product_brand-tor","7":"product_cat-tor","8":"product_cat-therapy","10":"first","11":"outofstock","12":"shipping-taxable","13":"purchasable","14":"product-type-simple"},"_links":{"self":[{"href":"https:\/\/goldberg.lv\/lv\/wp-json\/wp\/v2\/product\/4099","targetHints":{"allow":["GET"]}}],"collection":[{"href":"https:\/\/goldberg.lv\/lv\/wp-json\/wp\/v2\/product"}],"about":[{"href":"https:\/\/goldberg.lv\/lv\/wp-json\/wp\/v2\/types\/product"}],"wp:featuredmedia":[{"embeddable":true,"href":"https:\/\/goldberg.lv\/lv\/wp-json\/wp\/v2\/media\/5604"}],"wp:attachment":[{"href":"https:\/\/goldberg.lv\/lv\/wp-json\/wp\/v2\/media?parent=4099"}],"wp:term":[{"taxonomy":"product_brand","embeddable":true,"href":"https:\/\/goldberg.lv\/lv\/wp-json\/wp\/v2\/product_brand?post=4099"},{"taxonomy":"product_cat","embeddable":true,"href":"https:\/\/goldberg.lv\/lv\/wp-json\/wp\/v2\/product_cat?post=4099"},{"taxonomy":"product_tag","embeddable":true,"href":"https:\/\/goldberg.lv\/lv\/wp-json\/wp\/v2\/product_tag?post=4099"}],"curies":[{"name":"wp","href":"https:\/\/api.w.org\/{rel}","templated":true}]}}