{"id":4054,"date":"2025-11-03T15:24:16","date_gmt":"2025-11-03T12:24:16","guid":{"rendered":"https:\/\/goldberg.lv\/shop\/e04-niti-ultrasonic-files-6s-33mm-no-15\/"},"modified":"2026-04-15T17:54:15","modified_gmt":"2026-04-15T14:54:15","slug":"e04-niti-ultrasonic-files-6s-33mm-no-15","status":"publish","type":"product","link":"https:\/\/goldberg.lv\/lv\/shop\/e04-niti-ultrasonic-files-6s-33mm-no-15\/","title":{"rendered":"E04 NiTi Ultrasonic Files 6s 33mm No.15"},"content":{"rendered":"<h3>Premium Plus E04 ultraska\u0146as faili<\/h3>\n<ul>\n<li>Izmanto kan\u0101lu t\u012br\u012b\u0161anai un form\u0113\u0161anai<\/li>\n<li>Ni\u0137e\u013ca tit\u0101ns<\/li>\n<li>Lieto\u0161anai ar ultraska\u0146as skaleri<\/li>\n<li>Lieliska iztur\u012bba<\/li>\n<li>Tikai vienreiz\u0113jai lieto\u0161anai<\/li>\n<li>Var steriliz\u0113t l\u012bdz 134<strong>\u00b0<\/strong>C pirms lieto\u0161anas<\/li>\n<\/ul>\n<p><strong>Pieejami 6 izm\u0113ri:\u00a0<\/strong><\/p>\n<ul>\n<li>#15, #20, #25, #30, #35, #40<\/li>\n<li>Vienoti izm\u0113ri 6 gab.\/pake<\/li>\n<li>Komplekt\u0101 ietilpst:\n<ul>\n<li>#15, #20, #25, #30, #35, #40<\/li>\n<li>Asorti 6 gab.\/pake (1 gab. no katra izm\u0113ra)<\/li>\n<\/ul>\n<\/li>\n<li>Pieejamais garums: 33 mm<\/li>\n<\/ul>","protected":false},"excerpt":{"rendered":"<p>Premium Plus E04 Ultrasonic Files Used to clean and shape canals Nickel titanium For use with an ultrasonic scaler Excellent<\/p>","protected":false},"featured_media":5111,"template":"","meta":[],"product_brand":[96],"product_cat":[59],"product_tag":[],"class_list":{"0":"post-4054","1":"product","2":"type-product","3":"status-publish","4":"has-post-thumbnail","6":"product_brand-premium-plus-poland","7":"product_cat-premium-plus-poland","9":"first","10":"instock","11":"shipping-taxable","12":"purchasable","13":"product-type-simple"},"_links":{"self":[{"href":"https:\/\/goldberg.lv\/lv\/wp-json\/wp\/v2\/product\/4054","targetHints":{"allow":["GET"]}}],"collection":[{"href":"https:\/\/goldberg.lv\/lv\/wp-json\/wp\/v2\/product"}],"about":[{"href":"https:\/\/goldberg.lv\/lv\/wp-json\/wp\/v2\/types\/product"}],"wp:featuredmedia":[{"embeddable":true,"href":"https:\/\/goldberg.lv\/lv\/wp-json\/wp\/v2\/media\/5111"}],"wp:attachment":[{"href":"https:\/\/goldberg.lv\/lv\/wp-json\/wp\/v2\/media?parent=4054"}],"wp:term":[{"taxonomy":"product_brand","embeddable":true,"href":"https:\/\/goldberg.lv\/lv\/wp-json\/wp\/v2\/product_brand?post=4054"},{"taxonomy":"product_cat","embeddable":true,"href":"https:\/\/goldberg.lv\/lv\/wp-json\/wp\/v2\/product_cat?post=4054"},{"taxonomy":"product_tag","embeddable":true,"href":"https:\/\/goldberg.lv\/lv\/wp-json\/wp\/v2\/product_tag?post=4054"}],"curies":[{"name":"wp","href":"https:\/\/api.w.org\/{rel}","templated":true}]}}