{"id":4042,"date":"2025-11-03T15:23:58","date_gmt":"2025-11-03T12:23:58","guid":{"rendered":"https:\/\/goldberg.lv\/shop\/c01-c-curing-light-classic-lavender\/"},"modified":"2026-04-15T17:54:12","modified_gmt":"2026-04-15T14:54:12","slug":"c01-c-curing-light-classic-lavender","status":"publish","type":"product","link":"https:\/\/goldberg.lv\/lv\/shop\/c01-c-curing-light-classic-lavender\/","title":{"rendered":"C01-C Curing Light Classic Lavender"},"content":{"rendered":"<h3>C01-C LED cietin\u0101\u0161anas gaisma ar optisko \u0161\u0137iedru gaismas vadotni<\/h3>\n<ul>\n<li>Modelis - C01-C (Classic)<\/li>\n<li>F.O. gaismas vadotne - 8 mm (dia)<\/li>\n<li>Gaismas vi\u013c\u0146a garums - 440 ~ 480 nm<\/li>\n<li>Pieteikums - visp\u0101r\u012bgi<\/li>\n<li>Re\u017e\u012bmi:\n<ul>\n<li>Tack - nav pieejams<\/li>\n<li>Turbo - 1500 mW\/cm<sup>2\u00a0<\/sup>5 sekundes \u00b1 10%<\/li>\n<li>3\u2032 + 3\u2032 - N\/A<\/li>\n<li>6\u2032 + 6\u2032 - N\/A<\/li>\n<li>Pilna - 1200 mW\/cm<sup>2<\/sup> 5, 10, 15, 20 sekundes \u00b1 10%<\/li>\n<li>Rampas - 1<sup>st<\/sup> piecas sekundes no 0 - 1200 mW\/cm<sup>2<\/sup>, n\u0101kam\u0101s 5, 10, 15, 20 sekundes 1 200 mW\/cm<sup>2<\/sup> \u00b1 10%<\/li>\n<li>M\u012bkst\u0101 \u0101rst\u0113\u0161ana - 1<sup>st<\/sup> piecas sekundes no 0 - 900 mW\/cm<sup>2<\/sup>, n\u0101kam\u0101s 5, 10, 15, 20, 25 sekundes 900 mW\/cm<sup>2<\/sup> \u00b1 10<\/li>\n<\/ul>\n<\/li>\n<li>C01 komplekts ar ieb\u016bv\u0113tu gaismas intensit\u0101tes indikatoru<\/li>\n<li>24 m\u0113ne\u0161u garantija<\/li>\n<li>Sader\u012bgs ar m\u016bsu <a href=\"https:\/\/www.premiumplusuk.com\/product\/123-pen-type-curing-light-sleeves\/\">123S<\/a> mazas konserv\u0113\u0161anas gaismas uzmavas<\/li>\n<\/ul>\n<p><strong>Pieejamas rezerves da\u013cas:<\/strong><\/p>\n<ul>\n<li><a href=\"https:\/\/www.premiumplusuk.com\/product\/c01-replacement-fibre-optic-light-guide-for-c01-c-c01-s-c01-d\/\">C01-C-1<\/a> 8 mm optisk\u0101s \u0161\u0137iedras gaismas vads<\/li>\n<li>C01\/2-1 Rezerves akumulators<\/li>\n<\/ul>\n<p><strong>Pieejams:\u00a0<\/strong><\/p>\n<ul>\n<li>Melna, zila, gai\u0161i zila, gai\u0161i za\u013ca, gai\u0161i lavandas, laima, oran\u017ea, roz\u0101, balta un dzeltena kr\u0101sa.<\/li>\n<\/ul>","protected":false},"excerpt":{"rendered":"<p>C01-C LED Curing Light with Fibre Optic Light Guide Model \u2013 C01-C (Classic) F.O. Light Guide \u2013 8mm (dia) Light<\/p>","protected":false},"featured_media":5119,"template":"","meta":[],"product_brand":[96],"product_cat":[59],"product_tag":[],"class_list":{"0":"post-4042","1":"product","2":"type-product","3":"status-publish","4":"has-post-thumbnail","6":"product_brand-premium-plus-poland","7":"product_cat-premium-plus-poland","9":"first","10":"outofstock","11":"shipping-taxable","12":"purchasable","13":"product-type-simple"},"_links":{"self":[{"href":"https:\/\/goldberg.lv\/lv\/wp-json\/wp\/v2\/product\/4042","targetHints":{"allow":["GET"]}}],"collection":[{"href":"https:\/\/goldberg.lv\/lv\/wp-json\/wp\/v2\/product"}],"about":[{"href":"https:\/\/goldberg.lv\/lv\/wp-json\/wp\/v2\/types\/product"}],"wp:featuredmedia":[{"embeddable":true,"href":"https:\/\/goldberg.lv\/lv\/wp-json\/wp\/v2\/media\/5119"}],"wp:attachment":[{"href":"https:\/\/goldberg.lv\/lv\/wp-json\/wp\/v2\/media?parent=4042"}],"wp:term":[{"taxonomy":"product_brand","embeddable":true,"href":"https:\/\/goldberg.lv\/lv\/wp-json\/wp\/v2\/product_brand?post=4042"},{"taxonomy":"product_cat","embeddable":true,"href":"https:\/\/goldberg.lv\/lv\/wp-json\/wp\/v2\/product_cat?post=4042"},{"taxonomy":"product_tag","embeddable":true,"href":"https:\/\/goldberg.lv\/lv\/wp-json\/wp\/v2\/product_tag?post=4042"}],"curies":[{"name":"wp","href":"https:\/\/api.w.org\/{rel}","templated":true}]}}