{"id":4036,"date":"2025-11-03T15:23:51","date_gmt":"2025-11-03T12:23:51","guid":{"rendered":"https:\/\/goldberg.lv\/shop\/6009-pouches-200s-135mm-x-260mm\/"},"modified":"2026-04-15T17:54:09","modified_gmt":"2026-04-15T14:54:09","slug":"6009-pouches-200s-135mm-x-260mm","status":"publish","type":"product","link":"https:\/\/goldberg.lv\/lv\/shop\/6009-pouches-200s-135mm-x-260mm\/","title":{"rendered":"6009 Pouches 200s 135mm x 260mm"},"content":{"rendered":"<h3>Pa\u0161bl\u012bv\u0113jo\u0161i steriliz\u0101cijas maisi\u0146i<\/h3>\n<ul>\n<li>Tr\u012bsk\u0101r\u0161s l\u012bmpl\u0101ksnis satura aizsardz\u012bbai<\/li>\n<li>Pa\u0161bl\u012bv\u0113jo\u0161s - nav nepiecie\u0161ams termiskais bl\u012bv\u0113t\u0101js<\/li>\n<li>Instrumentu iesai\u0146o\u0161anai pirms steriliz\u0101cijas<\/li>\n<li>Pal\u012bdz organiz\u0113t instrumentus<\/li>\n<li>Dro\u0161a barjera pret pies\u0101r\u0146ot\u0101jiem un steriliz\u0113tu instrumentu dro\u0161a uzglab\u0101\u0161ana.<\/li>\n<li>Zils ton\u0113ts plastmasas logs pal\u012bdz atkl\u0101t caurumus, ko var rad\u012bt zoboti instrumenti.<\/li>\n<li>Viegli nolas\u0101ms kr\u0101su indikators tvaikam nodro\u0161ina, ka saturs ir pareizi apstr\u0101d\u0101ts.<\/li>\n<li>Ar iek\u0161\u0113jiem un \u0101r\u0113jiem r\u0101d\u012bt\u0101jiem<\/li>\n<li>70 gsm medic\u012bnisk\u0101s kvalit\u0101tes pap\u012brs<\/li>\n<li>Pl\u0113ve no polipropil\u0113na<\/li>\n<li>Atbilst standartam BS EN 868-5 un ISO 11607-1.<\/li>\n<li>Liels izm\u0113ru kl\u0101sts visiem lietojumiem<\/li>\n<li>Der\u012bguma termi\u0146\u0161:\n<ul>\n<li>Pirms steriliz\u0101cijas - 3 gadi<\/li>\n<li>P\u0113c steriliz\u0101cijas - 6 m\u0113ne\u0161i<\/li>\n<\/ul>\n<\/li>\n<li class=\"margin-bottom\">Vienas kastes - 200 gab. kast\u0113 (iz\u0146emot 6015 un 6017: 100 gab. kast\u0113)<\/li>\n<li>Iepakojuma izm\u0113rs - 200 gab. x 10 (iz\u0146emot 6015 un 6017: 100 gab. x 10)<\/li>\n<\/ul>\n<p><strong>Nopirkt 2 un sa\u0146emt 1 bez maksas pied\u0101v\u0101jums neattiecas uz kastes izm\u0113riem<\/strong><\/p>\n<table width=\"552\">\n<tbody>\n<tr>\n<td width=\"112\"><strong>Produkta kods<\/strong><\/td>\n<td width=\"151\"><strong>\u0100r\u0113jie izm\u0113ri<\/strong><\/td>\n<td width=\"151\"><strong>Iek\u0161\u0113jie izm\u0113ri<\/strong><\/td>\n<\/tr>\n<tr>\n<td width=\"112\"><strong>6000<\/strong><\/td>\n<td width=\"151\">57 x 90 mm<\/td>\n<td width=\"151\">33 x 57 mm<\/td>\n<\/tr>\n<tr>\n<td width=\"112\"><strong>6001<\/strong><\/td>\n<td width=\"151\">57 x 130 mm<\/td>\n<td width=\"151\">33 x 86 mm<\/td>\n<\/tr>\n<tr>\n<td width=\"112\"><strong>6003<\/strong><\/td>\n<td width=\"151\">90 x 145 mm<\/td>\n<td width=\"151\">66 x 98 mm<\/td>\n<\/tr>\n<tr>\n<td width=\"112\"><strong>6005<\/strong><\/td>\n<td width=\"151\">70 x 230 mm<\/td>\n<td width=\"151\">46 x 183 mm<\/td>\n<\/tr>\n<tr>\n<td width=\"112\"><strong>6007<\/strong><\/td>\n<td width=\"151\">90 x 230 mm<\/td>\n<td width=\"151\">66 x 182 mm<\/td>\n<\/tr>\n<tr>\n<td width=\"112\"><strong>6009<\/strong><\/td>\n<td width=\"151\">135 x 260 mm<\/td>\n<td width=\"151\">107 x 209 mm<\/td>\n<\/tr>\n<tr>\n<td width=\"112\"><strong>6011<\/strong><\/td>\n<td width=\"151\">190 x 330 mm<\/td>\n<td width=\"151\">280 x 162 mm<\/td>\n<\/tr>\n<tr>\n<td width=\"112\"><strong>6015<\/strong><\/td>\n<td width=\"151\">250 x 380 mm<\/td>\n<td width=\"151\">325 x 222 mm<\/td>\n<\/tr>\n<tr>\n<td width=\"112\"><strong>6017<\/strong><\/td>\n<td width=\"151\">300 x 430 mm<\/td>\n<td width=\"151\">376 x 272 mm<\/td>\n<\/tr>\n<\/tbody>\n<\/table>","protected":false},"excerpt":{"rendered":"<p>Self-Sealing Sterilisation Pouches Triple adhesive seal to protect contents Self-sealing \u2013 no need for a heat sealer For wrapping instruments<\/p>","protected":false},"featured_media":5124,"template":"","meta":[],"product_brand":[96],"product_cat":[59],"product_tag":[],"class_list":{"0":"post-4036","1":"product","2":"type-product","3":"status-publish","4":"has-post-thumbnail","6":"product_brand-premium-plus-poland","7":"product_cat-premium-plus-poland","9":"first","10":"instock","11":"shipping-taxable","12":"purchasable","13":"product-type-simple"},"_links":{"self":[{"href":"https:\/\/goldberg.lv\/lv\/wp-json\/wp\/v2\/product\/4036","targetHints":{"allow":["GET"]}}],"collection":[{"href":"https:\/\/goldberg.lv\/lv\/wp-json\/wp\/v2\/product"}],"about":[{"href":"https:\/\/goldberg.lv\/lv\/wp-json\/wp\/v2\/types\/product"}],"wp:featuredmedia":[{"embeddable":true,"href":"https:\/\/goldberg.lv\/lv\/wp-json\/wp\/v2\/media\/5124"}],"wp:attachment":[{"href":"https:\/\/goldberg.lv\/lv\/wp-json\/wp\/v2\/media?parent=4036"}],"wp:term":[{"taxonomy":"product_brand","embeddable":true,"href":"https:\/\/goldberg.lv\/lv\/wp-json\/wp\/v2\/product_brand?post=4036"},{"taxonomy":"product_cat","embeddable":true,"href":"https:\/\/goldberg.lv\/lv\/wp-json\/wp\/v2\/product_cat?post=4036"},{"taxonomy":"product_tag","embeddable":true,"href":"https:\/\/goldberg.lv\/lv\/wp-json\/wp\/v2\/product_tag?post=4036"}],"curies":[{"name":"wp","href":"https:\/\/api.w.org\/{rel}","templated":true}]}}