{"id":4025,"date":"2025-11-03T15:23:38","date_gmt":"2025-11-03T12:23:38","guid":{"rendered":"https:\/\/goldberg.lv\/shop\/907-mixing-wells-2-wells\/"},"modified":"2026-04-15T17:54:02","modified_gmt":"2026-04-15T14:54:02","slug":"907-mixing-wells-2-wells","status":"publish","type":"product","link":"https:\/\/goldberg.lv\/lv\/shop\/907-mixing-wells-2-wells\/","title":{"rendered":"907 Mixing Wells 2 Wells"},"content":{"rendered":"<h3>Vienreizlietojamie mais\u012b\u0161anas akas<\/h3>\n<ul>\n<li>Piln\u012bb\u0101 vienreiz\u0113j\u0101s lieto\u0161anas<\/li>\n<li>Uzglab\u0101 izsniedzamos materi\u0101lus<\/li>\n<li>Iztur\u012bgs dizains<\/li>\n<li>907 - 2 iedobes: 500 gab. kast\u0113<\/li>\n<li>906 - 4 iedobes: 200 gab. kast\u0113<\/li>\n<\/ul>","protected":false},"excerpt":{"rendered":"<p>Disposable Mixing Wells Fully disposable Holds materials to be dispensed Sturdy design 907 \u2013 2 wells: 500 pieces per box<\/p>","protected":false},"featured_media":5134,"template":"","meta":[],"product_brand":[96],"product_cat":[59],"product_tag":[],"class_list":{"0":"post-4025","1":"product","2":"type-product","3":"status-publish","4":"has-post-thumbnail","6":"product_brand-premium-plus-poland","7":"product_cat-premium-plus-poland","9":"first","10":"instock","11":"shipping-taxable","12":"purchasable","13":"product-type-simple"},"_links":{"self":[{"href":"https:\/\/goldberg.lv\/lv\/wp-json\/wp\/v2\/product\/4025","targetHints":{"allow":["GET"]}}],"collection":[{"href":"https:\/\/goldberg.lv\/lv\/wp-json\/wp\/v2\/product"}],"about":[{"href":"https:\/\/goldberg.lv\/lv\/wp-json\/wp\/v2\/types\/product"}],"wp:featuredmedia":[{"embeddable":true,"href":"https:\/\/goldberg.lv\/lv\/wp-json\/wp\/v2\/media\/5134"}],"wp:attachment":[{"href":"https:\/\/goldberg.lv\/lv\/wp-json\/wp\/v2\/media?parent=4025"}],"wp:term":[{"taxonomy":"product_brand","embeddable":true,"href":"https:\/\/goldberg.lv\/lv\/wp-json\/wp\/v2\/product_brand?post=4025"},{"taxonomy":"product_cat","embeddable":true,"href":"https:\/\/goldberg.lv\/lv\/wp-json\/wp\/v2\/product_cat?post=4025"},{"taxonomy":"product_tag","embeddable":true,"href":"https:\/\/goldberg.lv\/lv\/wp-json\/wp\/v2\/product_tag?post=4025"}],"curies":[{"name":"wp","href":"https:\/\/api.w.org\/{rel}","templated":true}]}}