{"id":4023,"date":"2025-11-03T15:23:36","date_gmt":"2025-11-03T12:23:36","guid":{"rendered":"https:\/\/goldberg.lv\/shop\/902t-micro-applicator-tube-100s\/"},"modified":"2026-04-15T17:54:00","modified_gmt":"2026-04-15T14:54:00","slug":"902t-micro-applicator-tube-100s","status":"publish","type":"product","link":"https:\/\/goldberg.lv\/lv\/shop\/902t-micro-applicator-tube-100s\/","title":{"rendered":"902T Micro Applicator Tube 100s"},"content":{"rendered":"<h3>Mikro aplikatoru t\u016bbi\u0146u iepakojumi<\/h3>\n<ul>\n<li>Ekonomisks un vienreizlietojams, ietaupot l\u012bdz 80%, samazinot lieko izmantoto materi\u0101lu daudzumu.<\/li>\n<li>Izliekas jebkur\u0101 le\u0146\u0137\u012b, lai ierobe\u017eotas piek\u013cuves zon\u0101s var\u0113tu izvietot nelielu kontrol\u0113tu materi\u0101lu daudzumu.<\/li>\n<li>T\u016bbi\u0146u iepakojums ar 400 gab.<\/li>\n<\/ul>\n<p><strong>Pieejams:<\/strong><\/p>\n<ul>\n<li>Standarta rokturi - L100mm x Dia. 3 mm<\/li>\n<li>Mini rokturi - L85 mm x Dia. 2,5 mm<\/li>\n<li>901T Regular - (2,5 mm diametrs zil\u0101 un gai\u0161i zil\u0101 kr\u0101s\u0101)<\/li>\n<li>902T Fine - (2,0 mm diametrs za\u013c\u0101 un gai\u0161i za\u013c\u0101 kr\u0101s\u0101)<\/li>\n<li>903T Ultrafine - (1,5 mm diametrs, lavandas un gai\u0161i lavandas kr\u0101s\u0101)<\/li>\n<li>904T cilindrs - (1,2 mm diametrs meln\u0101 un balt\u0101 kr\u0101s\u0101)<\/li>\n<li>9901T Parastie mini rokturi - (2,5 mm diametrs zil\u0101 un gai\u0161i zil\u0101 kr\u0101s\u0101)<\/li>\n<li>9902T Smalki mini rokturi - (2,0 mm diametrs za\u013c\u0101 un gai\u0161i za\u013c\u0101 kr\u0101s\u0101)<\/li>\n<li>9903T \u012apa\u0161i smalkie mini roktur\u012b\u0161i - (1,5 mm diametrs, lavandas un gai\u0161i lavandas kr\u0101s\u0101)<\/li>\n<li>Dozators pieejams:\n<ul>\n<li>Standarta - <a href=\"https:\/\/premiumplusuk.com\/product\/acn900-n900xl-deluxe-micro-applicator-dispensers\/\">18900<\/a><\/li>\n<li>Mini - <a href=\"https:\/\/premiumplusuk.com\/product\/acn900-n900xl-deluxe-micro-applicator-dispensers\/\">189900<\/a><\/li>\n<\/ul>\n<\/li>\n<\/ul>","protected":false},"excerpt":{"rendered":"<p>Micro Applicators Tube Packs Economical and disposable, saving up to 80% by reduction of excess materials used Bends into any<\/p>","protected":false},"featured_media":5138,"template":"","meta":[],"product_brand":[96],"product_cat":[59],"product_tag":[],"class_list":{"0":"post-4023","1":"product","2":"type-product","3":"status-publish","4":"has-post-thumbnail","6":"product_brand-premium-plus-poland","7":"product_cat-premium-plus-poland","9":"first","10":"instock","11":"shipping-taxable","12":"purchasable","13":"product-type-simple"},"_links":{"self":[{"href":"https:\/\/goldberg.lv\/lv\/wp-json\/wp\/v2\/product\/4023","targetHints":{"allow":["GET"]}}],"collection":[{"href":"https:\/\/goldberg.lv\/lv\/wp-json\/wp\/v2\/product"}],"about":[{"href":"https:\/\/goldberg.lv\/lv\/wp-json\/wp\/v2\/types\/product"}],"wp:featuredmedia":[{"embeddable":true,"href":"https:\/\/goldberg.lv\/lv\/wp-json\/wp\/v2\/media\/5138"}],"wp:attachment":[{"href":"https:\/\/goldberg.lv\/lv\/wp-json\/wp\/v2\/media?parent=4023"}],"wp:term":[{"taxonomy":"product_brand","embeddable":true,"href":"https:\/\/goldberg.lv\/lv\/wp-json\/wp\/v2\/product_brand?post=4023"},{"taxonomy":"product_cat","embeddable":true,"href":"https:\/\/goldberg.lv\/lv\/wp-json\/wp\/v2\/product_cat?post=4023"},{"taxonomy":"product_tag","embeddable":true,"href":"https:\/\/goldberg.lv\/lv\/wp-json\/wp\/v2\/product_tag?post=4023"}],"curies":[{"name":"wp","href":"https:\/\/api.w.org\/{rel}","templated":true}]}}