{"id":4021,"date":"2025-11-03T15:23:33","date_gmt":"2025-11-03T12:23:33","guid":{"rendered":"https:\/\/goldberg.lv\/shop\/1188-x-ray-film-holder-light-beige-2\/"},"modified":"2026-04-15T16:27:25","modified_gmt":"2026-04-15T13:27:25","slug":"1188-x-ray-film-holder-light-beige-2","status":"publish","type":"product","link":"https:\/\/goldberg.lv\/lv\/shop\/1188-x-ray-film-holder-light-beige-2\/","title":{"rendered":"1188 Rentgena filmu tur\u0113t\u0101js gai\u0161i b\u0113\u0161s"},"content":{"rendered":"<h3>Autokl\u0101v\u0113jams rentgena filmu tur\u0113t\u0101js<\/h3>\n<ul>\n<li>Viens gals paredz\u0113ts priek\u0161\u0113jiem rentgena stariem, otrs - aizmugur\u0113jiem rentgena stariem.<\/li>\n<li>Abi gali dro\u0161i notur pl\u0113vi, to neizliekot.<\/li>\n<li>Uzlabo intraor\u0101lo filmu kvalit\u0101ti un precizit\u0101ti<\/li>\n<li>Pal\u012bdz standartiz\u0113t bisektrisk\u0101 le\u0146\u0137a metodi.<\/li>\n<li>1 gabals iepakojum\u0101<\/li>\n<li>Pieejamas zil\u0101 vai gai\u0161i b\u0113\u0161\u0101 kr\u0101s\u0101<\/li>\n<\/ul>","protected":false},"excerpt":{"rendered":"<p>Autoclavable X-Ray Film Holder One end is\u00a0for anterior x-rays, the other end is for posterior Both ends securely hold film<\/p>","protected":false},"featured_media":5141,"template":"","meta":[],"product_brand":[96],"product_cat":[59],"product_tag":[],"class_list":{"0":"post-4021","1":"product","2":"type-product","3":"status-publish","4":"has-post-thumbnail","6":"product_brand-premium-plus-poland","7":"product_cat-premium-plus-poland","9":"first","10":"instock","11":"shipping-taxable","12":"purchasable","13":"product-type-simple"},"_links":{"self":[{"href":"https:\/\/goldberg.lv\/lv\/wp-json\/wp\/v2\/product\/4021","targetHints":{"allow":["GET"]}}],"collection":[{"href":"https:\/\/goldberg.lv\/lv\/wp-json\/wp\/v2\/product"}],"about":[{"href":"https:\/\/goldberg.lv\/lv\/wp-json\/wp\/v2\/types\/product"}],"wp:featuredmedia":[{"embeddable":true,"href":"https:\/\/goldberg.lv\/lv\/wp-json\/wp\/v2\/media\/5141"}],"wp:attachment":[{"href":"https:\/\/goldberg.lv\/lv\/wp-json\/wp\/v2\/media?parent=4021"}],"wp:term":[{"taxonomy":"product_brand","embeddable":true,"href":"https:\/\/goldberg.lv\/lv\/wp-json\/wp\/v2\/product_brand?post=4021"},{"taxonomy":"product_cat","embeddable":true,"href":"https:\/\/goldberg.lv\/lv\/wp-json\/wp\/v2\/product_cat?post=4021"},{"taxonomy":"product_tag","embeddable":true,"href":"https:\/\/goldberg.lv\/lv\/wp-json\/wp\/v2\/product_tag?post=4021"}],"curies":[{"name":"wp","href":"https:\/\/api.w.org\/{rel}","templated":true}]}}