{"id":4016,"date":"2025-11-03T15:23:28","date_gmt":"2025-11-03T12:23:28","guid":{"rendered":"https:\/\/goldberg.lv\/shop\/1140-cotton-roll-dispenser-lavender\/"},"modified":"2026-04-15T17:53:58","modified_gmt":"2026-04-15T14:53:58","slug":"1140-cotton-roll-dispenser-lavender","status":"publish","type":"product","link":"https:\/\/goldberg.lv\/lv\/shop\/1140-cotton-roll-dispenser-lavender\/","title":{"rendered":"1140 Cotton Roll Dispenser Lavender"},"content":{"rendered":"<h3>Luksusa kokvilnas ru\u013c\u013cu dozators<\/h3>\n<ul>\n<li>Nodro\u0161ina barjeru pret oper\u0101ciju aerosoliem un nejau\u0161iem \u0161\u013cakat\u0101m.<\/li>\n<li>Aug\u0161\u0113j\u0101 da\u013ca atlok\u0101ma atpaka\u013c, lai atvieglotu iekrau\u0161anu, b\u012bd\u0101m\u0101 atvilktne ar vienu vilk\u0161anu izplata l\u012bdz 4 ru\u013c\u013ciem.<\/li>\n<li>Pamatn\u0113 ievietotas putuplasta gumijas sloksnes, kas nov\u0113r\u0161 sl\u012bd\u0113\u0161anu uz galda virsmas vai letes.<\/li>\n<\/ul>\n<p><strong>Pieejams:\u00a0<\/strong><\/p>\n<ul>\n<li>Zila, gai\u0161i zila, gai\u0161i b\u0113\u0161a, za\u013ca, balta, lavandas un dzeltena kr\u0101sa.<\/li>\n<\/ul>","protected":false},"excerpt":{"rendered":"<p>Deluxe Cotton Roll Dispenser Provides a barrier against operatory aerosols and accidental splatter Top flips back for easy loading, sliding<\/p>","protected":false},"featured_media":5142,"template":"","meta":[],"product_brand":[96],"product_cat":[59],"product_tag":[],"class_list":{"0":"post-4016","1":"product","2":"type-product","3":"status-publish","4":"has-post-thumbnail","6":"product_brand-premium-plus-poland","7":"product_cat-premium-plus-poland","9":"first","10":"outofstock","11":"shipping-taxable","12":"purchasable","13":"product-type-simple"},"_links":{"self":[{"href":"https:\/\/goldberg.lv\/lv\/wp-json\/wp\/v2\/product\/4016","targetHints":{"allow":["GET"]}}],"collection":[{"href":"https:\/\/goldberg.lv\/lv\/wp-json\/wp\/v2\/product"}],"about":[{"href":"https:\/\/goldberg.lv\/lv\/wp-json\/wp\/v2\/types\/product"}],"wp:featuredmedia":[{"embeddable":true,"href":"https:\/\/goldberg.lv\/lv\/wp-json\/wp\/v2\/media\/5142"}],"wp:attachment":[{"href":"https:\/\/goldberg.lv\/lv\/wp-json\/wp\/v2\/media?parent=4016"}],"wp:term":[{"taxonomy":"product_brand","embeddable":true,"href":"https:\/\/goldberg.lv\/lv\/wp-json\/wp\/v2\/product_brand?post=4016"},{"taxonomy":"product_cat","embeddable":true,"href":"https:\/\/goldberg.lv\/lv\/wp-json\/wp\/v2\/product_cat?post=4016"},{"taxonomy":"product_tag","embeddable":true,"href":"https:\/\/goldberg.lv\/lv\/wp-json\/wp\/v2\/product_tag?post=4016"}],"curies":[{"name":"wp","href":"https:\/\/api.w.org\/{rel}","templated":true}]}}