{"id":4013,"date":"2025-11-03T15:23:25","date_gmt":"2025-11-03T12:23:25","guid":{"rendered":"https:\/\/goldberg.lv\/shop\/432-autoclavable-trays-5s-no-2\/"},"modified":"2026-04-15T17:53:56","modified_gmt":"2026-04-15T14:53:56","slug":"432-autoclavable-trays-5s-no-2","status":"publish","type":"product","link":"https:\/\/goldberg.lv\/lv\/shop\/432-autoclavable-trays-5s-no-2\/","title":{"rendered":"432 Autoclavable Trays 5s No.2"},"content":{"rendered":"<h3>Autokl\u0101v\u0113jamas nospiedumu papl\u0101tes ar loka fiksatoru<\/h3>\n<ul>\n<li>Sp\u0113c\u012bga, stingra plastmasas konstrukcija bez deform\u0101cij\u0101m<\/li>\n<li>Anatomiski izstr\u0101d\u0101ts<\/li>\n<li>Gludas malas pacienta komfortam<\/li>\n<li>Lieliska iespiedmateri\u0101lu notur\u012bba, vienlaikus nodro\u0161inot pietiekamu spiedienu vis\u0101m deta\u013c\u0101m.<\/li>\n<li>Autokl\u0101v\u0113jams l\u012bdz 134\u00b0C<\/li>\n<\/ul>\n<p><strong>Pieejams:\u00a0<\/strong><\/p>\n<ul>\n<li>430 - Intro iepakojums 10 gabali, pa vienam no katra izm\u0113ra<\/li>\n<li>431 - 440 - Vienizm\u0113ra, 5 gab. iepakojum\u0101<\/li>\n<\/ul>","protected":false},"excerpt":{"rendered":"<p>Autoclavable Impression Trays With Rim Lock Strong, rigid distortion-free plastic construction Anatomically designed Smooth edges for patient comfort Excellent retention<\/p>","protected":false},"featured_media":5146,"template":"","meta":[],"product_brand":[96],"product_cat":[59],"product_tag":[],"class_list":{"0":"post-4013","1":"product","2":"type-product","3":"status-publish","4":"has-post-thumbnail","6":"product_brand-premium-plus-poland","7":"product_cat-premium-plus-poland","9":"first","10":"instock","11":"shipping-taxable","12":"purchasable","13":"product-type-simple"},"_links":{"self":[{"href":"https:\/\/goldberg.lv\/lv\/wp-json\/wp\/v2\/product\/4013","targetHints":{"allow":["GET"]}}],"collection":[{"href":"https:\/\/goldberg.lv\/lv\/wp-json\/wp\/v2\/product"}],"about":[{"href":"https:\/\/goldberg.lv\/lv\/wp-json\/wp\/v2\/types\/product"}],"wp:featuredmedia":[{"embeddable":true,"href":"https:\/\/goldberg.lv\/lv\/wp-json\/wp\/v2\/media\/5146"}],"wp:attachment":[{"href":"https:\/\/goldberg.lv\/lv\/wp-json\/wp\/v2\/media?parent=4013"}],"wp:term":[{"taxonomy":"product_brand","embeddable":true,"href":"https:\/\/goldberg.lv\/lv\/wp-json\/wp\/v2\/product_brand?post=4013"},{"taxonomy":"product_cat","embeddable":true,"href":"https:\/\/goldberg.lv\/lv\/wp-json\/wp\/v2\/product_cat?post=4013"},{"taxonomy":"product_tag","embeddable":true,"href":"https:\/\/goldberg.lv\/lv\/wp-json\/wp\/v2\/product_tag?post=4013"}],"curies":[{"name":"wp","href":"https:\/\/api.w.org\/{rel}","templated":true}]}}