{"id":4007,"date":"2025-11-03T15:23:18","date_gmt":"2025-11-03T12:23:18","guid":{"rendered":"https:\/\/goldberg.lv\/shop\/415-disposable-trays-10s-no-5\/"},"modified":"2026-04-15T17:53:53","modified_gmt":"2026-04-15T14:53:53","slug":"415-disposable-trays-10s-no-5","status":"publish","type":"product","link":"https:\/\/goldberg.lv\/lv\/shop\/415-disposable-trays-10s-no-5\/","title":{"rendered":"415 Disposable Trays 10s No.5"},"content":{"rendered":"<h3>Vienreizlietojamie nospiedumu papl\u0101tes ar loka fiksatoru<\/h3>\n<ul>\n<li>Ietaupiet laiku un d\u0101rgas laboratorijas izmaksas<\/li>\n<li>Sp\u0113c\u012bga, stingra plastmasas konstrukcija bez deform\u0101cij\u0101m<\/li>\n<li>Anatomiski izstr\u0101d\u0101ts<\/li>\n<li>Gludas malas pacienta komfortam<\/li>\n<li>Lieliska iespiedmateri\u0101lu notur\u012bba, vienlaikus nodro\u0161inot pietiekamu spiedienu vis\u0101m deta\u013c\u0101m.<\/li>\n<li>Pamatnes da\u013cas var viegli no\u0146emt ar fr\u0113zi implantu ievieto\u0161anai.<\/li>\n<li>Samazin\u0101ta biezuma apdares l\u012bnijas uz l\u016bpu sieni\u0146as, lai atvieglotu no\u0146em\u0161anu sl\u012bpuma p\u0113c sl\u012bpuma gad\u012bjumos.<\/li>\n<\/ul>\n<p><strong>Pieejams:<\/strong><\/p>\n<ul>\n<li>410 - Intro iepakojums 10 gabali, pa vienam no katra izm\u0113ra<\/li>\n<li>411- 420 - Vienizm\u0113ra, 10 gab. iepakojum\u0101<\/li>\n<\/ul>","protected":false},"excerpt":{"rendered":"<p>Disposable Impression Trays With Rim Lock Save time and expensive laboratory charges Strong, rigid distortion-free plastic construction Anatomically designed Smooth<\/p>","protected":false},"featured_media":5147,"template":"","meta":[],"product_brand":[96],"product_cat":[59],"product_tag":[],"class_list":{"0":"post-4007","1":"product","2":"type-product","3":"status-publish","4":"has-post-thumbnail","6":"product_brand-premium-plus-poland","7":"product_cat-premium-plus-poland","9":"first","10":"instock","11":"shipping-taxable","12":"purchasable","13":"product-type-simple"},"_links":{"self":[{"href":"https:\/\/goldberg.lv\/lv\/wp-json\/wp\/v2\/product\/4007","targetHints":{"allow":["GET"]}}],"collection":[{"href":"https:\/\/goldberg.lv\/lv\/wp-json\/wp\/v2\/product"}],"about":[{"href":"https:\/\/goldberg.lv\/lv\/wp-json\/wp\/v2\/types\/product"}],"wp:featuredmedia":[{"embeddable":true,"href":"https:\/\/goldberg.lv\/lv\/wp-json\/wp\/v2\/media\/5147"}],"wp:attachment":[{"href":"https:\/\/goldberg.lv\/lv\/wp-json\/wp\/v2\/media?parent=4007"}],"wp:term":[{"taxonomy":"product_brand","embeddable":true,"href":"https:\/\/goldberg.lv\/lv\/wp-json\/wp\/v2\/product_brand?post=4007"},{"taxonomy":"product_cat","embeddable":true,"href":"https:\/\/goldberg.lv\/lv\/wp-json\/wp\/v2\/product_cat?post=4007"},{"taxonomy":"product_tag","embeddable":true,"href":"https:\/\/goldberg.lv\/lv\/wp-json\/wp\/v2\/product_tag?post=4007"}],"curies":[{"name":"wp","href":"https:\/\/api.w.org\/{rel}","templated":true}]}}