{"id":3998,"date":"2025-11-03T15:23:08","date_gmt":"2025-11-03T12:23:08","guid":{"rendered":"https:\/\/goldberg.lv\/shop\/aut-pouch-mm-90x230-sogeva-200-pcs\/"},"modified":"2026-04-15T17:53:50","modified_gmt":"2026-04-15T14:53:50","slug":"aut-pouch-mm-90x230-sogeva-200-pcs","status":"publish","type":"product","link":"https:\/\/goldberg.lv\/lv\/shop\/aut-pouch-mm-90x230-sogeva-200-pcs\/","title":{"rendered":"AUT.MAISI\u0145\u0160 MM 90X230 SOMA 200 GAB."},"content":{"rendered":"<p>Siltuma aizz\u012bmogojami maisi\u0146i, kas izgatavoti no baltas kr\u0101sas<br \/>\nmedic\u012bniskais pap\u012brs ar augstu gramat\u016bru (60g\/<br \/>\nm2<br \/>\n) un dubult\u0101 zil\u0101 polietil\u0113na\/<br \/>\npolipropil\u0113na pl\u0113ve (55 g\/m2<br \/>\n), saska\u0146\u0101 ar<br \/>\nar MDR (ES) 2017\/745 un EN 868-5. Ar<br \/>\ntr\u012bs<br \/>\nviendab\u012bgi bl\u012bv\u0113jumi, ko garant\u0113jam; \u0101rk\u0101rt\u012bgi viegli<br \/>\natv\u0113r\u0161ana bez \u0161\u0137iedru atbr\u012bvo\u0161an\u0101s vai pl\u012bsumiem;<br \/>\npareiza sterilit\u0101tes uztur\u0113\u0161ana. Apr\u012bkots<br \/>\nar tvaika vai EO \u0137\u012bmiskajiem indikatoriem<br \/>\ng\u0101zes (etil\u0113noks\u012bda) steriliz\u0101cija. ISO<br \/>\n11140 sertific\u0113tas tintes ir \u016bdens b\u0101zes un<br \/>\nnav toksisks un nodro\u0161ina lielisku kr\u0101su mai\u0146u<br \/>\nton\u0113\u0161anas.<\/p>","protected":false},"excerpt":{"rendered":"<p>Heat-sealable pouches made of white medical paper with high grammage (60g\/ m2 ) and double layer of blue polyethylene\/ polypropylene<\/p>","protected":false},"featured_media":4670,"template":"","meta":[],"product_brand":[101],"product_cat":[64,120],"product_tag":[],"class_list":{"0":"post-3998","1":"product","2":"type-product","3":"status-publish","4":"has-post-thumbnail","6":"product_brand-sogeva","7":"product_cat-sogeva","8":"product_cat-disinfection-sterilization","10":"first","11":"outofstock","12":"shipping-taxable","13":"purchasable","14":"product-type-simple"},"_links":{"self":[{"href":"https:\/\/goldberg.lv\/lv\/wp-json\/wp\/v2\/product\/3998","targetHints":{"allow":["GET"]}}],"collection":[{"href":"https:\/\/goldberg.lv\/lv\/wp-json\/wp\/v2\/product"}],"about":[{"href":"https:\/\/goldberg.lv\/lv\/wp-json\/wp\/v2\/types\/product"}],"wp:featuredmedia":[{"embeddable":true,"href":"https:\/\/goldberg.lv\/lv\/wp-json\/wp\/v2\/media\/4670"}],"wp:attachment":[{"href":"https:\/\/goldberg.lv\/lv\/wp-json\/wp\/v2\/media?parent=3998"}],"wp:term":[{"taxonomy":"product_brand","embeddable":true,"href":"https:\/\/goldberg.lv\/lv\/wp-json\/wp\/v2\/product_brand?post=3998"},{"taxonomy":"product_cat","embeddable":true,"href":"https:\/\/goldberg.lv\/lv\/wp-json\/wp\/v2\/product_cat?post=3998"},{"taxonomy":"product_tag","embeddable":true,"href":"https:\/\/goldberg.lv\/lv\/wp-json\/wp\/v2\/product_tag?post=3998"}],"curies":[{"name":"wp","href":"https:\/\/api.w.org\/{rel}","templated":true}]}}