{"id":3995,"date":"2025-11-03T15:23:05","date_gmt":"2025-11-03T12:23:05","guid":{"rendered":"https:\/\/goldberg.lv\/shop\/lillac-towels-500-pcs\/"},"modified":"2026-04-15T17:53:48","modified_gmt":"2026-04-15T14:53:48","slug":"lillac-towels-500-pcs","status":"publish","type":"product","link":"https:\/\/goldberg.lv\/lv\/shop\/lillac-towels-500-pcs\/","title":{"rendered":"DVIE\u013bI 500 GAB."},"content":{"rendered":"<p>Profesion\u0101lie dvie\u013ci sast\u0101v no 1<br \/>\nvai 2 sl\u0101\u0146i t\u012bras celulozes, kas lamin\u0113ta un<br \/>\nar augsta bl\u012bvuma reljefa sl\u0101ni.<br \/>\npolietil\u0113na pl\u0113ve. Perfekta uzs\u016bktsp\u0113ja un<br \/>\nprodukta necaurlaid\u012bba nodro\u0161ina augstu<br \/>\npacientu \u0113rt\u012bbas.<\/p>","protected":false},"excerpt":{"rendered":"<p>KR\u0100SAS<\/p>\n<p>Za\u013c\u0161, gai\u0161i zils, zils, zils, ceri\u0146i, roz\u0101, sarkans,<br \/>\noran\u017ea, dzeltena, dzeltena, laima, balta, melna.<\/p>","protected":false},"featured_media":4656,"template":"","meta":[],"product_brand":[101],"product_cat":[64,116],"product_tag":[],"class_list":{"0":"post-3995","1":"product","2":"type-product","3":"status-publish","4":"has-post-thumbnail","6":"product_brand-sogeva","7":"product_cat-sogeva","8":"product_cat-disposable-materials","10":"first","11":"instock","12":"shipping-taxable","13":"purchasable","14":"product-type-simple"},"_links":{"self":[{"href":"https:\/\/goldberg.lv\/lv\/wp-json\/wp\/v2\/product\/3995","targetHints":{"allow":["GET"]}}],"collection":[{"href":"https:\/\/goldberg.lv\/lv\/wp-json\/wp\/v2\/product"}],"about":[{"href":"https:\/\/goldberg.lv\/lv\/wp-json\/wp\/v2\/types\/product"}],"wp:featuredmedia":[{"embeddable":true,"href":"https:\/\/goldberg.lv\/lv\/wp-json\/wp\/v2\/media\/4656"}],"wp:attachment":[{"href":"https:\/\/goldberg.lv\/lv\/wp-json\/wp\/v2\/media?parent=3995"}],"wp:term":[{"taxonomy":"product_brand","embeddable":true,"href":"https:\/\/goldberg.lv\/lv\/wp-json\/wp\/v2\/product_brand?post=3995"},{"taxonomy":"product_cat","embeddable":true,"href":"https:\/\/goldberg.lv\/lv\/wp-json\/wp\/v2\/product_cat?post=3995"},{"taxonomy":"product_tag","embeddable":true,"href":"https:\/\/goldberg.lv\/lv\/wp-json\/wp\/v2\/product_tag?post=3995"}],"curies":[{"name":"wp","href":"https:\/\/api.w.org\/{rel}","templated":true}]}}