{"id":3986,"date":"2025-11-03T15:22:54","date_gmt":"2025-11-03T12:22:54","guid":{"rendered":"https:\/\/goldberg.lv\/shop\/sm-zb11-surgical-blades-sterile-100pcs\/"},"modified":"2026-04-15T17:53:40","modified_gmt":"2026-04-15T14:53:40","slug":"sm-zb11-surgical-blades-sterile-100pcs","status":"publish","type":"product","link":"https:\/\/goldberg.lv\/lv\/shop\/sm-zb11-surgical-blades-sterile-100pcs\/","title":{"rendered":"SM ZB11 \u0136IRUR\u0122ISKIE ASME\u0145I STERILI 100GAB"},"content":{"rendered":"","protected":false},"excerpt":{"rendered":"","protected":false},"featured_media":0,"template":"","meta":[],"product_brand":[99],"product_cat":[63],"product_tag":[],"class_list":{"0":"post-3986","1":"product","2":"type-product","3":"status-publish","5":"product_brand-smi","6":"product_cat-smi","8":"first","9":"instock","10":"shipping-taxable","11":"purchasable","12":"product-type-simple"},"_links":{"self":[{"href":"https:\/\/goldberg.lv\/lv\/wp-json\/wp\/v2\/product\/3986","targetHints":{"allow":["GET"]}}],"collection":[{"href":"https:\/\/goldberg.lv\/lv\/wp-json\/wp\/v2\/product"}],"about":[{"href":"https:\/\/goldberg.lv\/lv\/wp-json\/wp\/v2\/types\/product"}],"wp:attachment":[{"href":"https:\/\/goldberg.lv\/lv\/wp-json\/wp\/v2\/media?parent=3986"}],"wp:term":[{"taxonomy":"product_brand","embeddable":true,"href":"https:\/\/goldberg.lv\/lv\/wp-json\/wp\/v2\/product_brand?post=3986"},{"taxonomy":"product_cat","embeddable":true,"href":"https:\/\/goldberg.lv\/lv\/wp-json\/wp\/v2\/product_cat?post=3986"},{"taxonomy":"product_tag","embeddable":true,"href":"https:\/\/goldberg.lv\/lv\/wp-json\/wp\/v2\/product_tag?post=3986"}],"curies":[{"name":"wp","href":"https:\/\/api.w.org\/{rel}","templated":true}]}}