{"id":3981,"date":"2025-11-03T15:22:48","date_gmt":"2025-11-03T12:22:48","guid":{"rendered":"https:\/\/goldberg.lv\/shop\/sm-14151519vb-surgicryl-rapid-ep-15-usp-4-0-nl-3-8-cir-cut-19mm-75-cm\/"},"modified":"2026-04-15T16:26:53","modified_gmt":"2026-04-15T13:26:53","slug":"sm-14151519vb-surgicryl-rapid-ep-15-usp-4-0-nl-3-8-cir-cut-19mm-75-cm","status":"publish","type":"product","link":"https:\/\/goldberg.lv\/lv\/shop\/sm-14151519vb-surgicryl-rapid-ep-15-usp-4-0-nl-3-8-cir-cut-19mm-75-cm\/","title":{"rendered":"SM 14151519VB SURGICRYL RAPID EP 1,5 USP 4\/0 NL 3\/8 CIR CUT.19MM \/ 75 CM"},"content":{"rendered":"<table class=\"table table-hover mt-4\">\n<tbody>\n<tr>\n<th scope=\"row\">Tips<\/th>\n<td>P\u012bti un p\u0101rkl\u0101ti daudzpavedieni<\/td>\n<\/tr>\n<tr>\n<th scope=\"row\">Sast\u0101vs<\/th>\n<td>Poliglikolsk\u0101be<\/td>\n<\/tr>\n<tr>\n<th scope=\"row\">P\u0101rkl\u0101jums<\/th>\n<td>Polikaprolaktons un kalcija stear\u0101ts (1%)<\/td>\n<\/tr>\n<tr>\n<th scope=\"row\">Kr\u0101sa<\/th>\n<td>B\u0113\u0161s - nekr\u0101sots<\/td>\n<\/tr>\n<tr>\n<th scope=\"row\">Audu reakcija<\/th>\n<td>Minim\u0101ls<\/td>\n<\/tr>\n<tr>\n<th scope=\"row\">Absorbcija<\/th>\n<td>Hidroliz\u0113jo\u0161\u0101s darb\u012bbas rezult\u0101t\u0101 materi\u0101ls sadal\u0101s, un t\u0101 piln\u012bga uzs\u016bk\u0161an\u0101s notiek aptuveni 42 dienu laik\u0101. P\u0113c 7 dien\u0101m saglab\u0101jas aptuveni 50% stiepes iztur\u012bbas.<\/td>\n<\/tr>\n<tr>\n<th scope=\"row\">Prezent\u0101cija<\/th>\n<td>Kaste ar 12 \u0161uv\u0113m<\/td>\n<\/tr>\n<\/tbody>\n<\/table>","protected":false},"excerpt":{"rendered":"<p>Type Braided and coated multifilament Composition Polyglycolic acid Coating Polycaprolactone and calcium stearate (1%) Colour Beige \u2013 undyed Tissue reaction<\/p>","protected":false},"featured_media":4627,"template":"","meta":[],"product_brand":[99],"product_cat":[63],"product_tag":[],"class_list":{"0":"post-3981","1":"product","2":"type-product","3":"status-publish","4":"has-post-thumbnail","6":"product_brand-smi","7":"product_cat-smi","9":"first","10":"instock","11":"shipping-taxable","12":"purchasable","13":"product-type-simple"},"_links":{"self":[{"href":"https:\/\/goldberg.lv\/lv\/wp-json\/wp\/v2\/product\/3981","targetHints":{"allow":["GET"]}}],"collection":[{"href":"https:\/\/goldberg.lv\/lv\/wp-json\/wp\/v2\/product"}],"about":[{"href":"https:\/\/goldberg.lv\/lv\/wp-json\/wp\/v2\/types\/product"}],"wp:featuredmedia":[{"embeddable":true,"href":"https:\/\/goldberg.lv\/lv\/wp-json\/wp\/v2\/media\/4627"}],"wp:attachment":[{"href":"https:\/\/goldberg.lv\/lv\/wp-json\/wp\/v2\/media?parent=3981"}],"wp:term":[{"taxonomy":"product_brand","embeddable":true,"href":"https:\/\/goldberg.lv\/lv\/wp-json\/wp\/v2\/product_brand?post=3981"},{"taxonomy":"product_cat","embeddable":true,"href":"https:\/\/goldberg.lv\/lv\/wp-json\/wp\/v2\/product_cat?post=3981"},{"taxonomy":"product_tag","embeddable":true,"href":"https:\/\/goldberg.lv\/lv\/wp-json\/wp\/v2\/product_tag?post=3981"}],"curies":[{"name":"wp","href":"https:\/\/api.w.org\/{rel}","templated":true}]}}