{"id":3960,"date":"2025-11-03T15:22:24","date_gmt":"2025-11-03T12:22:24","guid":{"rendered":"https:\/\/goldberg.lv\/shop\/ty-j16-potites-apvalks-neoprensl\/"},"modified":"2026-04-15T17:53:29","modified_gmt":"2026-04-15T14:53:29","slug":"ty-j16-potites-apvalks-neoprensl","status":"publish","type":"product","link":"https:\/\/goldberg.lv\/lv\/shop\/ty-j16-potites-apvalks-neoprensl\/","title":{"rendered":"TY J16 Pot\u012btes apvalks (neopr\u0113ns)L"},"content":{"rendered":"<p><span class=\"overview-text\">Paredz\u0113ts, lai sniegtu atbalstu, kompresiju un da\u013c\u0113ju imobiliz\u0101ciju nov\u0101jin\u0101tai vai traum\u0113tai pot\u012btei. Augstas veiktsp\u0113jas konstrukcija akt\u012bvam atbalstam traum\u0113t\u0101m, sastiept\u0101m, artr\u012btisk\u0101m vai iekaisu\u0161\u0101m pot\u012bt\u0113m. Dubultas siksni\u0146as nodro\u0161ina kontrol\u0113tu kompresiju un piel\u0101gotu piegul\u0113\u0161anu.<\/span><span class=\"toggle-link\">\u00a0<\/span><\/p>","protected":false},"excerpt":{"rendered":"<p>Designed to give support, compression and partial immobilization to weak or injured ankle. High-performance design for active support to injured,<\/p>","protected":false},"featured_media":5843,"template":"","meta":[],"product_brand":[104],"product_cat":[60,121],"product_tag":[],"class_list":{"0":"post-3960","1":"product","2":"type-product","3":"status-publish","4":"has-post-thumbnail","6":"product_brand-tynor","7":"product_cat-tynor","8":"product_cat-orthopedics","10":"first","11":"outofstock","12":"shipping-taxable","13":"purchasable","14":"product-type-simple"},"_links":{"self":[{"href":"https:\/\/goldberg.lv\/lv\/wp-json\/wp\/v2\/product\/3960","targetHints":{"allow":["GET"]}}],"collection":[{"href":"https:\/\/goldberg.lv\/lv\/wp-json\/wp\/v2\/product"}],"about":[{"href":"https:\/\/goldberg.lv\/lv\/wp-json\/wp\/v2\/types\/product"}],"wp:featuredmedia":[{"embeddable":true,"href":"https:\/\/goldberg.lv\/lv\/wp-json\/wp\/v2\/media\/5843"}],"wp:attachment":[{"href":"https:\/\/goldberg.lv\/lv\/wp-json\/wp\/v2\/media?parent=3960"}],"wp:term":[{"taxonomy":"product_brand","embeddable":true,"href":"https:\/\/goldberg.lv\/lv\/wp-json\/wp\/v2\/product_brand?post=3960"},{"taxonomy":"product_cat","embeddable":true,"href":"https:\/\/goldberg.lv\/lv\/wp-json\/wp\/v2\/product_cat?post=3960"},{"taxonomy":"product_tag","embeddable":true,"href":"https:\/\/goldberg.lv\/lv\/wp-json\/wp\/v2\/product_tag?post=3960"}],"curies":[{"name":"wp","href":"https:\/\/api.w.org\/{rel}","templated":true}]}}