{"id":3959,"date":"2025-11-03T15:22:23","date_gmt":"2025-11-03T12:22:23","guid":{"rendered":"https:\/\/goldberg.lv\/shop\/ty-j16-potites-apvalks-neoprensm\/"},"modified":"2026-04-15T17:53:28","modified_gmt":"2026-04-15T14:53:28","slug":"ty-j16-potites-apvalks-neoprensm","status":"publish","type":"product","link":"https:\/\/goldberg.lv\/lv\/shop\/ty-j16-potites-apvalks-neoprensm\/","title":{"rendered":"TY J16 Pot\u012btes apvalks (neopr\u0113ns)M"},"content":{"rendered":"<p><span class=\"overview-text\">Paredz\u0113ts, lai sniegtu atbalstu, kompresiju un da\u013c\u0113ju imobiliz\u0101ciju nov\u0101jin\u0101tai vai traum\u0113tai pot\u012btei. Augstas veiktsp\u0113jas konstrukcija akt\u012bvam atbalstam traum\u0113t\u0101m, sastiept\u0101m, artr\u012btisk\u0101m vai iekaisu\u0161\u0101m pot\u012bt\u0113m. Dubultas siksni\u0146as nodro\u0161ina kontrol\u0113tu kompresiju un piel\u0101gotu piegul\u0113\u0161anu.<\/span><span class=\"toggle-link\">\u00a0<\/span><\/p>","protected":false},"excerpt":{"rendered":"<p>Designed to give support, compression and partial immobilization to weak or injured ankle. High-performance design for active support to injured,<\/p>","protected":false},"featured_media":0,"template":"","meta":[],"product_brand":[104],"product_cat":[60,121],"product_tag":[],"class_list":{"0":"post-3959","1":"product","2":"type-product","3":"status-publish","5":"product_brand-tynor","6":"product_cat-tynor","7":"product_cat-orthopedics","9":"first","10":"outofstock","11":"shipping-taxable","12":"purchasable","13":"product-type-simple"},"_links":{"self":[{"href":"https:\/\/goldberg.lv\/lv\/wp-json\/wp\/v2\/product\/3959","targetHints":{"allow":["GET"]}}],"collection":[{"href":"https:\/\/goldberg.lv\/lv\/wp-json\/wp\/v2\/product"}],"about":[{"href":"https:\/\/goldberg.lv\/lv\/wp-json\/wp\/v2\/types\/product"}],"wp:attachment":[{"href":"https:\/\/goldberg.lv\/lv\/wp-json\/wp\/v2\/media?parent=3959"}],"wp:term":[{"taxonomy":"product_brand","embeddable":true,"href":"https:\/\/goldberg.lv\/lv\/wp-json\/wp\/v2\/product_brand?post=3959"},{"taxonomy":"product_cat","embeddable":true,"href":"https:\/\/goldberg.lv\/lv\/wp-json\/wp\/v2\/product_cat?post=3959"},{"taxonomy":"product_tag","embeddable":true,"href":"https:\/\/goldberg.lv\/lv\/wp-json\/wp\/v2\/product_tag?post=3959"}],"curies":[{"name":"wp","href":"https:\/\/api.w.org\/{rel}","templated":true}]}}