{"id":3957,"date":"2025-11-03T15:22:21","date_gmt":"2025-11-03T12:22:21","guid":{"rendered":"https:\/\/goldberg.lv\/shop\/ty-j15-celgala-parvalks-ar-engem-neoprensm\/"},"modified":"2026-04-15T17:53:27","modified_gmt":"2026-04-15T14:53:27","slug":"ty-j15-celgala-parvalks-ar-engem-neoprensm","status":"publish","type":"product","link":"https:\/\/goldberg.lv\/lv\/shop\/ty-j15-celgala-parvalks-ar-engem-neoprensm\/","title":{"rendered":"TY J15 Ce\u013cgala p\u0101rvalks ar e\u0146\u0123\u0113m (neopr\u0113ns)M"},"content":{"rendered":"<p><span class=\"overview-text\">Univers\u0101ls ce\u013ca loc\u012btavas balsts, kas nodro\u0161ina kontrol\u0113tu kompresiju ap ce\u013cgalu un stingru s\u0101nu balstu k\u0101 \u0161inde. Tas nodro\u0161ina norm\u0101lu ce\u013ca loc\u012btavas saliek\u0161anu un br\u012bvu kust\u012bbu.<\/span><span class=\"toggle-link\">\u00a0<\/span><\/p>","protected":false},"excerpt":{"rendered":"<p>Versatile knee support which offers the advantage of controlled compression around the knee and the rigid side support of a<\/p>","protected":false},"featured_media":4513,"template":"","meta":[],"product_brand":[104],"product_cat":[60,121],"product_tag":[],"class_list":{"0":"post-3957","1":"product","2":"type-product","3":"status-publish","4":"has-post-thumbnail","6":"product_brand-tynor","7":"product_cat-tynor","8":"product_cat-orthopedics","10":"first","11":"instock","12":"shipping-taxable","13":"purchasable","14":"product-type-simple"},"_links":{"self":[{"href":"https:\/\/goldberg.lv\/lv\/wp-json\/wp\/v2\/product\/3957","targetHints":{"allow":["GET"]}}],"collection":[{"href":"https:\/\/goldberg.lv\/lv\/wp-json\/wp\/v2\/product"}],"about":[{"href":"https:\/\/goldberg.lv\/lv\/wp-json\/wp\/v2\/types\/product"}],"wp:featuredmedia":[{"embeddable":true,"href":"https:\/\/goldberg.lv\/lv\/wp-json\/wp\/v2\/media\/4513"}],"wp:attachment":[{"href":"https:\/\/goldberg.lv\/lv\/wp-json\/wp\/v2\/media?parent=3957"}],"wp:term":[{"taxonomy":"product_brand","embeddable":true,"href":"https:\/\/goldberg.lv\/lv\/wp-json\/wp\/v2\/product_brand?post=3957"},{"taxonomy":"product_cat","embeddable":true,"href":"https:\/\/goldberg.lv\/lv\/wp-json\/wp\/v2\/product_cat?post=3957"},{"taxonomy":"product_tag","embeddable":true,"href":"https:\/\/goldberg.lv\/lv\/wp-json\/wp\/v2\/product_tag?post=3957"}],"curies":[{"name":"wp","href":"https:\/\/api.w.org\/{rel}","templated":true}]}}