{"id":3951,"date":"2025-11-03T15:22:14","date_gmt":"2025-11-03T12:22:14","guid":{"rendered":"https:\/\/goldberg.lv\/shop\/ty-e43-plaukstas-locitavas-sina-abpusejas\/"},"modified":"2026-04-15T17:53:24","modified_gmt":"2026-04-15T14:53:24","slug":"ty-e43-plaukstas-locitavas-sina-abpusejas","status":"publish","type":"product","link":"https:\/\/goldberg.lv\/lv\/shop\/ty-e43-plaukstas-locitavas-sina-abpusejas\/","title":{"rendered":"TY E43 Plaukstas loc\u012btavas \u0161ina (abpus\u0113ja)S"},"content":{"rendered":"<p><span class=\"overview-text\">Paredz\u0113ts plaukstas un plaukstas loc\u012btavas imobiliz\u0101cijai un stingram atbalstam da\u017e\u0101du ortop\u0113disku saslim\u0161anu gad\u012bjum\u0101. Tas imobiliz\u0113 plaukstu plaukstas loc\u012btavu dorsifleksijas\/funkcion\u0101l\u0101 poz\u012bcij\u0101, vienlaikus \u013caujot pirkstiem un \u012bk\u0161\u0137im piln\u012bb\u0101 kust\u0113ties. Tas saspie\u017e un saglab\u0101 \u0137erme\u0146a siltumu, lai mazin\u0101tu viet\u0113j\u0101s s\u0101pes un iekaisumu. *Izmantojiet \u0161o izstr\u0101d\u0101jumu kvalific\u0113ta \u0101rsta vad\u012bb\u0101.<\/span><span class=\"toggle-link\">\u00a0<\/span><\/p>","protected":false},"excerpt":{"rendered":"<p>Designed to immobilize and provide firm support to the hand and wrist in various orthopedic conditions. It immobilizes the wrist<\/p>","protected":false},"featured_media":5845,"template":"","meta":[],"product_brand":[104],"product_cat":[60,121],"product_tag":[],"class_list":{"0":"post-3951","1":"product","2":"type-product","3":"status-publish","4":"has-post-thumbnail","6":"product_brand-tynor","7":"product_cat-tynor","8":"product_cat-orthopedics","10":"first","11":"instock","12":"shipping-taxable","13":"purchasable","14":"product-type-simple"},"_links":{"self":[{"href":"https:\/\/goldberg.lv\/lv\/wp-json\/wp\/v2\/product\/3951","targetHints":{"allow":["GET"]}}],"collection":[{"href":"https:\/\/goldberg.lv\/lv\/wp-json\/wp\/v2\/product"}],"about":[{"href":"https:\/\/goldberg.lv\/lv\/wp-json\/wp\/v2\/types\/product"}],"wp:featuredmedia":[{"embeddable":true,"href":"https:\/\/goldberg.lv\/lv\/wp-json\/wp\/v2\/media\/5845"}],"wp:attachment":[{"href":"https:\/\/goldberg.lv\/lv\/wp-json\/wp\/v2\/media?parent=3951"}],"wp:term":[{"taxonomy":"product_brand","embeddable":true,"href":"https:\/\/goldberg.lv\/lv\/wp-json\/wp\/v2\/product_brand?post=3951"},{"taxonomy":"product_cat","embeddable":true,"href":"https:\/\/goldberg.lv\/lv\/wp-json\/wp\/v2\/product_cat?post=3951"},{"taxonomy":"product_tag","embeddable":true,"href":"https:\/\/goldberg.lv\/lv\/wp-json\/wp\/v2\/product_tag?post=3951"}],"curies":[{"name":"wp","href":"https:\/\/api.w.org\/{rel}","templated":true}]}}