{"id":3950,"date":"2025-11-03T15:22:13","date_gmt":"2025-11-03T12:22:13","guid":{"rendered":"https:\/\/goldberg.lv\/shop\/ty-e30-apaksdelma-sina-spl\/"},"modified":"2026-04-15T17:53:24","modified_gmt":"2026-04-15T14:53:24","slug":"ty-e30-apaksdelma-sina-spl","status":"publish","type":"product","link":"https:\/\/goldberg.lv\/lv\/shop\/ty-e30-apaksdelma-sina-spl\/","title":{"rendered":"TY E30 Apak\u0161delma \u0161ina SPL"},"content":{"rendered":"<p><span class=\"overview-text\">Gar\u0161 kron\u0161teins, kas paredz\u0113ts radiusa un ulnas kaula sp\u012bduma un elko\u0146a \u0161\u0137\u0113luma atbalstam, k\u0101 ar\u012b apak\u0161delma imobiliz\u0101cijai un nostiprin\u0101\u0161anai da\u017e\u0101du ortop\u0113disku saslim\u0161anu gad\u012bjum\u0101. Tas uztur plaukstu funkcion\u0101l\u0101 st\u0101vokl\u012b. *Izmantojiet \u0161o izstr\u0101d\u0101jumu kvalific\u0113ta \u0101rsta vad\u012bb\u0101.<\/span><span class=\"toggle-link\">\u00a0<\/span><\/p>","protected":false},"excerpt":{"rendered":"<p>Long brace designed to provide splinting support to the radius and ulna and immobilize, firmly the forearm in various orthopedic<\/p>","protected":false},"featured_media":4527,"template":"","meta":[],"product_brand":[104],"product_cat":[60,121],"product_tag":[],"class_list":{"0":"post-3950","1":"product","2":"type-product","3":"status-publish","4":"has-post-thumbnail","6":"product_brand-tynor","7":"product_cat-tynor","8":"product_cat-orthopedics","10":"first","11":"instock","12":"shipping-taxable","13":"purchasable","14":"product-type-simple"},"_links":{"self":[{"href":"https:\/\/goldberg.lv\/lv\/wp-json\/wp\/v2\/product\/3950","targetHints":{"allow":["GET"]}}],"collection":[{"href":"https:\/\/goldberg.lv\/lv\/wp-json\/wp\/v2\/product"}],"about":[{"href":"https:\/\/goldberg.lv\/lv\/wp-json\/wp\/v2\/types\/product"}],"wp:featuredmedia":[{"embeddable":true,"href":"https:\/\/goldberg.lv\/lv\/wp-json\/wp\/v2\/media\/4527"}],"wp:attachment":[{"href":"https:\/\/goldberg.lv\/lv\/wp-json\/wp\/v2\/media?parent=3950"}],"wp:term":[{"taxonomy":"product_brand","embeddable":true,"href":"https:\/\/goldberg.lv\/lv\/wp-json\/wp\/v2\/product_brand?post=3950"},{"taxonomy":"product_cat","embeddable":true,"href":"https:\/\/goldberg.lv\/lv\/wp-json\/wp\/v2\/product_cat?post=3950"},{"taxonomy":"product_tag","embeddable":true,"href":"https:\/\/goldberg.lv\/lv\/wp-json\/wp\/v2\/product_tag?post=3950"}],"curies":[{"name":"wp","href":"https:\/\/api.w.org\/{rel}","templated":true}]}}