{"id":3940,"date":"2025-11-03T15:22:00","date_gmt":"2025-11-03T12:22:00","guid":{"rendered":"https:\/\/goldberg.lv\/shop\/ty-d23-elastigie-parseji-celim-comfeel-pairm\/"},"modified":"2026-04-15T17:53:19","modified_gmt":"2026-04-15T14:53:19","slug":"ty-d23-elastigie-parseji-celim-comfeel-pairm","status":"publish","type":"product","link":"https:\/\/goldberg.lv\/lv\/shop\/ty-d23-elastigie-parseji-celim-comfeel-pairm\/","title":{"rendered":"TY D23 Elast\u012bgie p\u0101rs\u0113ji celim Comfeel (Pair)M"},"content":{"rendered":"<p><span class=\"overview-text\">Knee cap comfeel ir n\u0101kam\u0101s paaudzes cauru\u013cveida izstr\u0101d\u0101jums, kas nodro\u0161ina vieglu kompresiju, siltumu un atbalstu ce\u013ca loc\u012btavai. To izmanto, lai mazin\u0101tu s\u0101pes un iekaisumu, kas parasti saist\u012bts ar vecumu, artr\u012btu vai traumu.<\/span><span class=\"toggle-link\">\u00a0<\/span><\/p>","protected":false},"excerpt":{"rendered":"<p>Knee cap comfeel is a next generation tubular product to provide mild compression,warmth and support to the knee joint. It<\/p>","protected":false},"featured_media":4533,"template":"","meta":[],"product_brand":[104],"product_cat":[60,121],"product_tag":[],"class_list":{"0":"post-3940","1":"product","2":"type-product","3":"status-publish","4":"has-post-thumbnail","6":"product_brand-tynor","7":"product_cat-tynor","8":"product_cat-orthopedics","10":"first","11":"instock","12":"shipping-taxable","13":"purchasable","14":"product-type-simple"},"_links":{"self":[{"href":"https:\/\/goldberg.lv\/lv\/wp-json\/wp\/v2\/product\/3940","targetHints":{"allow":["GET"]}}],"collection":[{"href":"https:\/\/goldberg.lv\/lv\/wp-json\/wp\/v2\/product"}],"about":[{"href":"https:\/\/goldberg.lv\/lv\/wp-json\/wp\/v2\/types\/product"}],"wp:featuredmedia":[{"embeddable":true,"href":"https:\/\/goldberg.lv\/lv\/wp-json\/wp\/v2\/media\/4533"}],"wp:attachment":[{"href":"https:\/\/goldberg.lv\/lv\/wp-json\/wp\/v2\/media?parent=3940"}],"wp:term":[{"taxonomy":"product_brand","embeddable":true,"href":"https:\/\/goldberg.lv\/lv\/wp-json\/wp\/v2\/product_brand?post=3940"},{"taxonomy":"product_cat","embeddable":true,"href":"https:\/\/goldberg.lv\/lv\/wp-json\/wp\/v2\/product_cat?post=3940"},{"taxonomy":"product_tag","embeddable":true,"href":"https:\/\/goldberg.lv\/lv\/wp-json\/wp\/v2\/product_tag?post=3940"}],"curies":[{"name":"wp","href":"https:\/\/api.w.org\/{rel}","templated":true}]}}