{"id":3937,"date":"2025-11-03T15:21:56","date_gmt":"2025-11-03T12:21:56","guid":{"rendered":"https:\/\/goldberg.lv\/shop\/ty-d09-stabilizejosa-ortoze-cela-locitavaim\/"},"modified":"2026-04-15T17:53:18","modified_gmt":"2026-04-15T14:53:18","slug":"ty-d09-stabilizejosa-ortoze-cela-locitavaim","status":"publish","type":"product","link":"https:\/\/goldberg.lv\/lv\/shop\/ty-d09-stabilizejosa-ortoze-cela-locitavaim\/","title":{"rendered":"TY D09 Stabiliz\u0113jo\u0161\u0101 ortoze ce\u013ca loc\u012btavaiM"},"content":{"rendered":"<p><span class=\"overview-text\">Nodro\u0161ina kontrol\u0113tu kompresiju ap ce\u013cgalu un stingru s\u0101nu atbalstu un imobiliz\u0101ciju.  Tas nodro\u0161ina norm\u0101lu ce\u013ca loc\u012btavas saliek\u0161anu un br\u012bvu kust\u012bbu. Priek\u0161\u0113j\u0101 atv\u0113ruma d\u0113\u013c ir \u0113rti uzlikt un no\u0146emt. *Izmantojiet \u0161o izstr\u0101d\u0101jumu kvalific\u0113ta \u0101rsta vad\u012bb\u0101.<\/span><span class=\"toggle-link\">\u00a0<\/span><\/p>","protected":false},"excerpt":{"rendered":"<p>Offers the advantage of controlled compression around the knee and a rigid lateral support and immobilization. \u00a0It allows normal flexion<\/p>","protected":false},"featured_media":4537,"template":"","meta":[],"product_brand":[104],"product_cat":[60,121],"product_tag":[],"class_list":{"0":"post-3937","1":"product","2":"type-product","3":"status-publish","4":"has-post-thumbnail","6":"product_brand-tynor","7":"product_cat-tynor","8":"product_cat-orthopedics","10":"first","11":"instock","12":"shipping-taxable","13":"purchasable","14":"product-type-simple"},"_links":{"self":[{"href":"https:\/\/goldberg.lv\/lv\/wp-json\/wp\/v2\/product\/3937","targetHints":{"allow":["GET"]}}],"collection":[{"href":"https:\/\/goldberg.lv\/lv\/wp-json\/wp\/v2\/product"}],"about":[{"href":"https:\/\/goldberg.lv\/lv\/wp-json\/wp\/v2\/types\/product"}],"wp:featuredmedia":[{"embeddable":true,"href":"https:\/\/goldberg.lv\/lv\/wp-json\/wp\/v2\/media\/4537"}],"wp:attachment":[{"href":"https:\/\/goldberg.lv\/lv\/wp-json\/wp\/v2\/media?parent=3937"}],"wp:term":[{"taxonomy":"product_brand","embeddable":true,"href":"https:\/\/goldberg.lv\/lv\/wp-json\/wp\/v2\/product_brand?post=3937"},{"taxonomy":"product_cat","embeddable":true,"href":"https:\/\/goldberg.lv\/lv\/wp-json\/wp\/v2\/product_cat?post=3937"},{"taxonomy":"product_tag","embeddable":true,"href":"https:\/\/goldberg.lv\/lv\/wp-json\/wp\/v2\/product_tag?post=3937"}],"curies":[{"name":"wp","href":"https:\/\/api.w.org\/{rel}","templated":true}]}}