{"id":3929,"date":"2025-11-03T15:21:46","date_gmt":"2025-11-03T12:21:46","guid":{"rendered":"https:\/\/goldberg.lv\/shop\/ty-c05-klavikulara-ortoze-ar-aizdares-siksnu-s\/"},"modified":"2026-04-15T16:26:24","modified_gmt":"2026-04-15T13:26:24","slug":"ty-c05-klavikulara-ortoze-ar-aizdares-siksnu-s","status":"publish","type":"product","link":"https:\/\/goldberg.lv\/lv\/shop\/ty-c05-klavikulara-ortoze-ar-aizdares-siksnu-s\/","title":{"rendered":"TY C05 Klavikul\u0101ra ortoze ar aizdares siksnu S"},"content":{"rendered":"<p>Gudrs un \u0113rts kron\u0161teins, kas paredz\u0113ts atsl\u0113gas kaula l\u016bzumu imobiliz\u0113\u0161anai, saspie\u0161anai un stabiliz\u0113\u0161anai. Tas nodro\u0161ina line\u0101ru savieno\u0161anos un nepie\u013cauj atsl\u0113gas kaula l\u016bzuma teleskop\u0113\u0161anu.<\/p>","protected":false},"excerpt":{"rendered":"<p>A smart and a comfortable brace designed to immobilize, compress &amp; stabilize fractures, involving the clavicle bone. It ensures linear<\/p>","protected":false},"featured_media":5969,"template":"","meta":[],"product_brand":[104],"product_cat":[60,121],"product_tag":[],"class_list":{"0":"post-3929","1":"product","2":"type-product","3":"status-publish","4":"has-post-thumbnail","6":"product_brand-tynor","7":"product_cat-tynor","8":"product_cat-orthopedics","10":"first","11":"instock","12":"shipping-taxable","13":"purchasable","14":"product-type-simple"},"_links":{"self":[{"href":"https:\/\/goldberg.lv\/lv\/wp-json\/wp\/v2\/product\/3929","targetHints":{"allow":["GET"]}}],"collection":[{"href":"https:\/\/goldberg.lv\/lv\/wp-json\/wp\/v2\/product"}],"about":[{"href":"https:\/\/goldberg.lv\/lv\/wp-json\/wp\/v2\/types\/product"}],"wp:featuredmedia":[{"embeddable":true,"href":"https:\/\/goldberg.lv\/lv\/wp-json\/wp\/v2\/media\/5969"}],"wp:attachment":[{"href":"https:\/\/goldberg.lv\/lv\/wp-json\/wp\/v2\/media?parent=3929"}],"wp:term":[{"taxonomy":"product_brand","embeddable":true,"href":"https:\/\/goldberg.lv\/lv\/wp-json\/wp\/v2\/product_brand?post=3929"},{"taxonomy":"product_cat","embeddable":true,"href":"https:\/\/goldberg.lv\/lv\/wp-json\/wp\/v2\/product_cat?post=3929"},{"taxonomy":"product_tag","embeddable":true,"href":"https:\/\/goldberg.lv\/lv\/wp-json\/wp\/v2\/product_tag?post=3929"}],"curies":[{"name":"wp","href":"https:\/\/api.w.org\/{rel}","templated":true}]}}