{"id":3925,"date":"2025-11-03T15:21:42","date_gmt":"2025-11-03T12:21:42","guid":{"rendered":"https:\/\/goldberg.lv\/shop\/ty-c01-slinga-soma-tropu-s\/"},"modified":"2026-04-15T17:53:13","modified_gmt":"2026-04-15T14:53:13","slug":"ty-c01-slinga-soma-tropu-s","status":"publish","type":"product","link":"https:\/\/goldberg.lv\/lv\/shop\/ty-c01-slinga-soma-tropu-s\/","title":{"rendered":"TY C01 Slinga soma (tropu) S"},"content":{"rendered":"<p>Zin\u0101tniski izstr\u0101d\u0101ts, lai sniegtu optim\u0101lu atbalstu un imobiliz\u0113tu lauztu vai p\u0113coper\u0101cijas roku. T\u0101 uztur roku 90 gr\u0101du le\u0146\u0137\u012b elko\u0146a loc\u012btav\u0101, kas veicina gan dz\u012b\u0161anu, gan komfortu. Izgudrot\u0101 slinga konstrukcija veicina dz\u012b\u0161anu un komfortu, dro\u0161i noturot roku stabil\u0101 poz\u012bcij\u0101.<\/p>","protected":false},"excerpt":{"rendered":"<p>Scientifically designed to give optimal support and immobilization to the fractured or post surgical arm. It maintains the arm at<\/p>","protected":false},"featured_media":4543,"template":"","meta":[],"product_brand":[104],"product_cat":[60,121],"product_tag":[],"class_list":{"0":"post-3925","1":"product","2":"type-product","3":"status-publish","4":"has-post-thumbnail","6":"product_brand-tynor","7":"product_cat-tynor","8":"product_cat-orthopedics","10":"first","11":"instock","12":"shipping-taxable","13":"purchasable","14":"product-type-simple"},"_links":{"self":[{"href":"https:\/\/goldberg.lv\/lv\/wp-json\/wp\/v2\/product\/3925","targetHints":{"allow":["GET"]}}],"collection":[{"href":"https:\/\/goldberg.lv\/lv\/wp-json\/wp\/v2\/product"}],"about":[{"href":"https:\/\/goldberg.lv\/lv\/wp-json\/wp\/v2\/types\/product"}],"wp:featuredmedia":[{"embeddable":true,"href":"https:\/\/goldberg.lv\/lv\/wp-json\/wp\/v2\/media\/4543"}],"wp:attachment":[{"href":"https:\/\/goldberg.lv\/lv\/wp-json\/wp\/v2\/media?parent=3925"}],"wp:term":[{"taxonomy":"product_brand","embeddable":true,"href":"https:\/\/goldberg.lv\/lv\/wp-json\/wp\/v2\/product_brand?post=3925"},{"taxonomy":"product_cat","embeddable":true,"href":"https:\/\/goldberg.lv\/lv\/wp-json\/wp\/v2\/product_cat?post=3925"},{"taxonomy":"product_tag","embeddable":true,"href":"https:\/\/goldberg.lv\/lv\/wp-json\/wp\/v2\/product_tag?post=3925"}],"curies":[{"name":"wp","href":"https:\/\/api.w.org\/{rel}","templated":true}]}}