{"id":3924,"date":"2025-11-03T15:21:41","date_gmt":"2025-11-03T12:21:41","guid":{"rendered":"https:\/\/goldberg.lv\/shop\/ty-b05-ethafoam-kakla-ortoze-filadelfija-m\/"},"modified":"2026-04-15T17:53:12","modified_gmt":"2026-04-15T14:53:12","slug":"ty-b05-ethafoam-kakla-ortoze-filadelfija-m","status":"publish","type":"product","link":"https:\/\/goldberg.lv\/lv\/shop\/ty-b05-ethafoam-kakla-ortoze-filadelfija-m\/","title":{"rendered":"TY B05 Ethafoam kakla ortoze (Filadelfija) M"},"content":{"rendered":"<p>Paredz\u0113ts kakla imobiliz\u0101cijai un atbalstam. Zoda kauss nov\u0113r\u0161 nevajadz\u012bgu kakla kust\u012bbu un nodro\u0161ina stabilit\u0101ti kaklam un galvai. To ieteicams lietot, ja nepiecie\u0161ama sp\u0113c\u012bga kakla da\u013cas imobiliz\u0101cija. Priek\u0161\u0113j\u0101 atv\u0113ruma d\u0113\u013c t\u0101 ir ide\u0101li piem\u0113rota pacientiem ar traheostomiju, un uzp\u016bst\u0101 balona forma padara to par ide\u0101lu apkakli apdegumu pacientu \u0101rst\u0113\u0161anai.  *Izmantojiet \u0161o izstr\u0101d\u0101jumu kvalific\u0113ta \u0101rsta vad\u012bb\u0101.<\/p>","protected":false},"excerpt":{"rendered":"<p>Designed to immobilize and support the neck. The chin cup prevents unnecessary neck movement and provides stability to the neck<\/p>","protected":false},"featured_media":0,"template":"","meta":[],"product_brand":[104],"product_cat":[60,121],"product_tag":[],"class_list":{"0":"post-3924","1":"product","2":"type-product","3":"status-publish","5":"product_brand-tynor","6":"product_cat-tynor","7":"product_cat-orthopedics","9":"first","10":"outofstock","11":"shipping-taxable","12":"purchasable","13":"product-type-simple"},"_links":{"self":[{"href":"https:\/\/goldberg.lv\/lv\/wp-json\/wp\/v2\/product\/3924","targetHints":{"allow":["GET"]}}],"collection":[{"href":"https:\/\/goldberg.lv\/lv\/wp-json\/wp\/v2\/product"}],"about":[{"href":"https:\/\/goldberg.lv\/lv\/wp-json\/wp\/v2\/types\/product"}],"wp:attachment":[{"href":"https:\/\/goldberg.lv\/lv\/wp-json\/wp\/v2\/media?parent=3924"}],"wp:term":[{"taxonomy":"product_brand","embeddable":true,"href":"https:\/\/goldberg.lv\/lv\/wp-json\/wp\/v2\/product_brand?post=3924"},{"taxonomy":"product_cat","embeddable":true,"href":"https:\/\/goldberg.lv\/lv\/wp-json\/wp\/v2\/product_cat?post=3924"},{"taxonomy":"product_tag","embeddable":true,"href":"https:\/\/goldberg.lv\/lv\/wp-json\/wp\/v2\/product_tag?post=3924"}],"curies":[{"name":"wp","href":"https:\/\/api.w.org\/{rel}","templated":true}]}}