{"id":3921,"date":"2025-11-03T15:21:38","date_gmt":"2025-11-03T12:21:38","guid":{"rendered":"https:\/\/goldberg.lv\/shop\/ty-b01-miksta-apkakle-cieta-blivumas\/"},"modified":"2026-04-15T17:53:11","modified_gmt":"2026-04-15T14:53:11","slug":"ty-b01-miksta-apkakle-cieta-blivumas","status":"publish","type":"product","link":"https:\/\/goldberg.lv\/lv\/shop\/ty-b01-miksta-apkakle-cieta-blivumas\/","title":{"rendered":"TY B01 M\u012bksta apkakle (cieta bl\u012bvuma)S"},"content":{"rendered":"<p><span class=\"overview-text\">Paredz\u0113ts kakla atbalstam. Tas pal\u012bdz nov\u0113rst nevajadz\u012bgas kakla kust\u012bbas un nodro\u0161ina galvas un kakla stabilit\u0101ti. To ieteicams lietot, ja nepiecie\u0161ama da\u013c\u0113ja vai ierobe\u017eota kakla kakla da\u013cas imobiliz\u0101cija. *Izmantojiet \u0161o izstr\u0101d\u0101jumu kvalific\u0113ta \u0101rsta vad\u012bb\u0101.<\/span><span class=\"toggle-link\">\u00a0<\/span><\/p>","protected":false},"excerpt":{"rendered":"<p>Designed to support the neck. It helps to prevent unnecessary neck movement and provides stability to the head and neck.<\/p>","protected":false},"featured_media":5974,"template":"","meta":[],"product_brand":[104],"product_cat":[60,121],"product_tag":[],"class_list":{"0":"post-3921","1":"product","2":"type-product","3":"status-publish","4":"has-post-thumbnail","6":"product_brand-tynor","7":"product_cat-tynor","8":"product_cat-orthopedics","10":"first","11":"instock","12":"shipping-taxable","13":"purchasable","14":"product-type-simple"},"_links":{"self":[{"href":"https:\/\/goldberg.lv\/lv\/wp-json\/wp\/v2\/product\/3921","targetHints":{"allow":["GET"]}}],"collection":[{"href":"https:\/\/goldberg.lv\/lv\/wp-json\/wp\/v2\/product"}],"about":[{"href":"https:\/\/goldberg.lv\/lv\/wp-json\/wp\/v2\/types\/product"}],"wp:featuredmedia":[{"embeddable":true,"href":"https:\/\/goldberg.lv\/lv\/wp-json\/wp\/v2\/media\/5974"}],"wp:attachment":[{"href":"https:\/\/goldberg.lv\/lv\/wp-json\/wp\/v2\/media?parent=3921"}],"wp:term":[{"taxonomy":"product_brand","embeddable":true,"href":"https:\/\/goldberg.lv\/lv\/wp-json\/wp\/v2\/product_brand?post=3921"},{"taxonomy":"product_cat","embeddable":true,"href":"https:\/\/goldberg.lv\/lv\/wp-json\/wp\/v2\/product_cat?post=3921"},{"taxonomy":"product_tag","embeddable":true,"href":"https:\/\/goldberg.lv\/lv\/wp-json\/wp\/v2\/product_tag?post=3921"}],"curies":[{"name":"wp","href":"https:\/\/api.w.org\/{rel}","templated":true}]}}