{"id":3916,"date":"2025-11-03T15:21:32","date_gmt":"2025-11-03T12:21:32","guid":{"rendered":"https:\/\/goldberg.lv\/shop\/ty-a07-l%d0%ba-konturatbalst-m\/"},"modified":"2026-04-15T17:53:09","modified_gmt":"2026-04-15T14:53:09","slug":"ty-a07-l%d0%ba-konturatbalst-m","status":"publish","type":"product","link":"https:\/\/goldberg.lv\/lv\/shop\/ty-a07-l%d0%ba-konturatbalst-m\/","title":{"rendered":"TY A07 LK kont\u016bratbalst M"},"content":{"rendered":"<p>Zin\u0101tniski izstr\u0101d\u0101ts, lai atbalst\u012btu un imobiliz\u0113tu jostas krustu rajonu un kori\u0123\u0113tu postur\u0101lo deform\u0101ciju, lai mazin\u0101tu muguras s\u0101pju sindromu. Tam ir cietas, lokanas un kontur\u0113tas muguras \u0161inas, kuras var piel\u0101got pareizai st\u0101ju un visefekt\u012bv\u0101kajai imobiliz\u0101cijai.<\/p>","protected":false},"excerpt":{"rendered":"<p>Scientifically designed to support and immobilize the lumbo sacral region and correct the postural deformity to allay low back pain<\/p>","protected":false},"featured_media":4546,"template":"","meta":[],"product_brand":[104],"product_cat":[60,121],"product_tag":[],"class_list":{"0":"post-3916","1":"product","2":"type-product","3":"status-publish","4":"has-post-thumbnail","6":"product_brand-tynor","7":"product_cat-tynor","8":"product_cat-orthopedics","10":"first","11":"instock","12":"shipping-taxable","13":"purchasable","14":"product-type-simple"},"_links":{"self":[{"href":"https:\/\/goldberg.lv\/lv\/wp-json\/wp\/v2\/product\/3916","targetHints":{"allow":["GET"]}}],"collection":[{"href":"https:\/\/goldberg.lv\/lv\/wp-json\/wp\/v2\/product"}],"about":[{"href":"https:\/\/goldberg.lv\/lv\/wp-json\/wp\/v2\/types\/product"}],"wp:featuredmedia":[{"embeddable":true,"href":"https:\/\/goldberg.lv\/lv\/wp-json\/wp\/v2\/media\/4546"}],"wp:attachment":[{"href":"https:\/\/goldberg.lv\/lv\/wp-json\/wp\/v2\/media?parent=3916"}],"wp:term":[{"taxonomy":"product_brand","embeddable":true,"href":"https:\/\/goldberg.lv\/lv\/wp-json\/wp\/v2\/product_brand?post=3916"},{"taxonomy":"product_cat","embeddable":true,"href":"https:\/\/goldberg.lv\/lv\/wp-json\/wp\/v2\/product_cat?post=3916"},{"taxonomy":"product_tag","embeddable":true,"href":"https:\/\/goldberg.lv\/lv\/wp-json\/wp\/v2\/product_tag?post=3916"}],"curies":[{"name":"wp","href":"https:\/\/api.w.org\/{rel}","templated":true}]}}