{"id":3907,"date":"2025-11-03T15:21:22","date_gmt":"2025-11-03T12:21:22","guid":{"rendered":"https:\/\/goldberg.lv\/shop\/ty-702-apaksstilbu-un-telu-atbalsts-air-pro-s\/"},"modified":"2026-04-15T17:53:03","modified_gmt":"2026-04-15T14:53:03","slug":"ty-702-apaksstilbu-un-telu-atbalsts-air-pro-s","status":"publish","type":"product","link":"https:\/\/goldberg.lv\/lv\/shop\/ty-702-apaksstilbu-un-telu-atbalsts-air-pro-s\/","title":{"rendered":"TY 702 APAK\u0160STILBU UN TE\u013bU ATBALSTS AIR PRO S"},"content":{"rendered":"<p><span class=\"overview-text\">Izstr\u0101d\u0101jums, kas paredz\u0113ts apak\u0161stilba un te\u013c\u013ca musku\u013cu saspie\u0161anai un atbalstam. \u0160is izstr\u0101d\u0101jums pal\u012bdz palielin\u0101t asins pl\u016bsmu organism\u0101, saspie\u017eot te\u013cu musku\u013cus, t\u0101d\u0113j\u0101di palielinot musku\u013cu sp\u0113ku un jaudu. \u0160is izstr\u0101d\u0101jums ar\u012b ierobe\u017eo nepamatotas kust\u012bbas un kust\u012bbas, kas samazina s\u0101pes apak\u0161stilba rajon\u0101.<\/span><span class=\"toggle-link\">\u00a0<\/span><\/p>","protected":false},"excerpt":{"rendered":"<p>Product designed to compress and supports the shin and calf muscles. This product helps in increasing the blood flow in<\/p>","protected":false},"featured_media":4553,"template":"","meta":[],"product_brand":[104],"product_cat":[60],"product_tag":[],"class_list":{"0":"post-3907","1":"product","2":"type-product","3":"status-publish","4":"has-post-thumbnail","6":"product_brand-tynor","7":"product_cat-tynor","9":"first","10":"instock","11":"shipping-taxable","12":"purchasable","13":"product-type-simple"},"_links":{"self":[{"href":"https:\/\/goldberg.lv\/lv\/wp-json\/wp\/v2\/product\/3907","targetHints":{"allow":["GET"]}}],"collection":[{"href":"https:\/\/goldberg.lv\/lv\/wp-json\/wp\/v2\/product"}],"about":[{"href":"https:\/\/goldberg.lv\/lv\/wp-json\/wp\/v2\/types\/product"}],"wp:featuredmedia":[{"embeddable":true,"href":"https:\/\/goldberg.lv\/lv\/wp-json\/wp\/v2\/media\/4553"}],"wp:attachment":[{"href":"https:\/\/goldberg.lv\/lv\/wp-json\/wp\/v2\/media?parent=3907"}],"wp:term":[{"taxonomy":"product_brand","embeddable":true,"href":"https:\/\/goldberg.lv\/lv\/wp-json\/wp\/v2\/product_brand?post=3907"},{"taxonomy":"product_cat","embeddable":true,"href":"https:\/\/goldberg.lv\/lv\/wp-json\/wp\/v2\/product_cat?post=3907"},{"taxonomy":"product_tag","embeddable":true,"href":"https:\/\/goldberg.lv\/lv\/wp-json\/wp\/v2\/product_tag?post=3907"}],"curies":[{"name":"wp","href":"https:\/\/api.w.org\/{rel}","templated":true}]}}